{"id":1305,"date":"2025-02-18T23:48:04","date_gmt":"2025-02-18T23:48:04","guid":{"rendered":"https:\/\/rootoil.sandigital.ch\/produit\/pink-grapefruit\/"},"modified":"2025-02-18T23:48:04","modified_gmt":"2025-02-18T23:48:04","slug":"pink-grapefruit","status":"publish","type":"product","link":"https:\/\/rootoil.ch\/de\/produit\/pink-grapefruit\/","title":{"rendered":"Pink Grapefruit"},"content":{"rendered":"<p class=\"p1\">\u00c4therisches Grapefruit\u00f6l ist bekannt f\u00fcr seine verdauungsf\u00f6rdernden, straffenden und entspannenden Eigenschaften. Er stimuliert die Verdauung, lindert \u00dcbelkeit und hilft, Giftstoffe auszuscheiden (1-2 Tropfen in einem Pflanzen\u00f6l vor oder nach einer Mahlzeit). Als Massage\u00f6l bek\u00e4mpft es Cellulite und strafft die Haut, aber da es photosensibilisierend ist, wird von Sonnenbestrahlung nach der Anwendung abgeraten. Als Diffusion reinigt er die Luft und als Inhalation hilft er, Stress und M\u00fcdigkeit zu bek\u00e4mpfen. Geeignet f\u00fcr die innere Anwendung, Haut (verd\u00fcnnt), Diffusion und Inhalation, wird er schwangeren Frauen und kleinen Kindern nicht empfohlen.<\/p>\n","protected":false},"excerpt":{"rendered":"<p>Die Grapefruit (lateinischer Name: Citrus x parasidi, wobei das x angibt, dass es sich um eine Kreuzung zwischen zwei Arten handelt), die wir alle auf unseren Tellern kennen, ist in Wirklichkeit die Frucht, die aus der Kreuzung zwischen zwei Arten entstanden ist, der s\u00fcdasiatischen Grapefruit (Citrus maxima) und der S\u00fc\u00dforange (Citrus sinensis). Wie bei vielen anderen Zitrusfr\u00fcchten wird das \u00e4therische \u00d6l durch Kaltpressung der Schale gewonnen. \u00c4therisches Grapefruit\u00f6l ist daf\u00fcr bekannt, dass es die Verdauung unterst\u00fctzt und eine Wirkung auf die Leber hat. Es wirkt auch beruhigend und bes\u00e4nftigend und kann gegen Depressionen eingesetzt werden. Bei der Massage ist es daf\u00fcr bekannt, dass es die Haut strafft und festigt und so Falten und Cellulite bek\u00e4mpft.<\/p>\n","protected":false},"featured_media":1124,"comment_status":"open","ping_status":"closed","template":"","meta":{"_acf_changed":false},"product_brand":[],"product_cat":[45],"product_tag":[],"class_list":{"0":"post-1305","1":"product","2":"type-product","3":"status-publish","4":"has-post-thumbnail","6":"product_cat-atherische-ole","8":"first","9":"instock","10":"shipping-taxable","11":"purchasable","12":"product-type-variable","13":"has-default-attributes"},"acf":[],"aioseo_notices":[],"_links":{"self":[{"href":"https:\/\/rootoil.ch\/de\/wp-json\/wp\/v2\/product\/1305","targetHints":{"allow":["GET"]}}],"collection":[{"href":"https:\/\/rootoil.ch\/de\/wp-json\/wp\/v2\/product"}],"about":[{"href":"https:\/\/rootoil.ch\/de\/wp-json\/wp\/v2\/types\/product"}],"replies":[{"embeddable":true,"href":"https:\/\/rootoil.ch\/de\/wp-json\/wp\/v2\/comments?post=1305"}],"wp:featuredmedia":[{"embeddable":true,"href":"https:\/\/rootoil.ch\/de\/wp-json\/wp\/v2\/media\/1124"}],"wp:attachment":[{"href":"https:\/\/rootoil.ch\/de\/wp-json\/wp\/v2\/media?parent=1305"}],"wp:term":[{"taxonomy":"product_brand","embeddable":true,"href":"https:\/\/rootoil.ch\/de\/wp-json\/wp\/v2\/product_brand?post=1305"},{"taxonomy":"product_cat","embeddable":true,"href":"https:\/\/rootoil.ch\/de\/wp-json\/wp\/v2\/product_cat?post=1305"},{"taxonomy":"product_tag","embeddable":true,"href":"https:\/\/rootoil.ch\/de\/wp-json\/wp\/v2\/product_tag?post=1305"}],"curies":[{"name":"wp","href":"https:\/\/api.w.org\/{rel}","templated":true}]}}