{"id":1320,"date":"2025-02-19T00:08:40","date_gmt":"2025-02-19T00:08:40","guid":{"rendered":"https:\/\/rootoil.sandigital.ch\/produit\/baumtanne\/"},"modified":"2025-02-19T00:08:40","modified_gmt":"2025-02-19T00:08:40","slug":"baumtanne","status":"publish","type":"product","link":"https:\/\/rootoil.ch\/de\/produit\/baumtanne\/","title":{"rendered":"Baumtanne"},"content":{"rendered":"<p>Das \u00e4therische \u00d6l der Balsamtanne verstr\u00f6mt einen warmen, balsamischen und harzigen Duft, der an die Weihnachtsstimmung erinnert.<\/p>\n<p>Tipps zur Verwendung in der Aromatherapie<\/p>\n<p>Diffusion: Einige Tropfen in einem elektrischen Diffusor, um die Raumluft zu reinigen und gro\u00dfe R\u00e4ume zu erw\u00e4rmen.  <\/p>\n<p>Feuchtinhalation: 2 Tropfen in einer Sch\u00fcssel mit warmem Wasser + 1 Tropfen \u00e4therisches Ravintsara\u00f6l, inhalieren Sie 10 Minuten lang, um die Sekrete zu verfl\u00fcssigen.  <\/p>\n<p>Massage: 2 Tropfen in einem Teel\u00f6ffel Pflanzen\u00f6l mit 1 Tropfen Zitronen-Eukalyptus\u00f6l oder Wintergr\u00fcn\u00f6l auf die schmerzenden Stellen massieren.<\/p>\n<p>Verabreichungswege in der Aromatherapie<\/p>\n<p>Innere Anwendung: ja<br \/>\nHaut: ja (Sie sollten eine maximale Konzentration von 20%, verd\u00fcnnt in einem pflanzlichen \u00d6l, nicht \u00fcberschreiten).<br \/>\nDiffusion: ja<br \/>\nInhalation: ja<\/p>\n","protected":false},"excerpt":{"rendered":"<p>Die Balsamtanne ist ein Baum aus der Familie der Kieferngew\u00e4chse, der in Kanada beheimatet ist und einen weihnachtlichen Duft verstr\u00f6mt. Er ist k\u00e4ltebest\u00e4ndig und kann 100 Jahre alt werden. Aus dem Harz dieses Baumes wird der &#8222;Kanadische Balsam&#8220; gewonnen. Aus den Nadeln wird das \u00e4therische \u00d6l durch Dampfdestillation gewonnen.<\/p>\n","protected":false},"featured_media":1202,"comment_status":"open","ping_status":"closed","template":"","meta":{"_acf_changed":false},"product_brand":[],"product_cat":[45],"product_tag":[],"class_list":{"0":"post-1320","1":"product","2":"type-product","3":"status-publish","4":"has-post-thumbnail","6":"product_cat-atherische-ole","8":"first","9":"instock","10":"shipping-taxable","11":"purchasable","12":"product-type-variable","13":"has-default-attributes"},"acf":[],"aioseo_notices":[],"_links":{"self":[{"href":"https:\/\/rootoil.ch\/de\/wp-json\/wp\/v2\/product\/1320","targetHints":{"allow":["GET"]}}],"collection":[{"href":"https:\/\/rootoil.ch\/de\/wp-json\/wp\/v2\/product"}],"about":[{"href":"https:\/\/rootoil.ch\/de\/wp-json\/wp\/v2\/types\/product"}],"replies":[{"embeddable":true,"href":"https:\/\/rootoil.ch\/de\/wp-json\/wp\/v2\/comments?post=1320"}],"wp:featuredmedia":[{"embeddable":true,"href":"https:\/\/rootoil.ch\/de\/wp-json\/wp\/v2\/media\/1202"}],"wp:attachment":[{"href":"https:\/\/rootoil.ch\/de\/wp-json\/wp\/v2\/media?parent=1320"}],"wp:term":[{"taxonomy":"product_brand","embeddable":true,"href":"https:\/\/rootoil.ch\/de\/wp-json\/wp\/v2\/product_brand?post=1320"},{"taxonomy":"product_cat","embeddable":true,"href":"https:\/\/rootoil.ch\/de\/wp-json\/wp\/v2\/product_cat?post=1320"},{"taxonomy":"product_tag","embeddable":true,"href":"https:\/\/rootoil.ch\/de\/wp-json\/wp\/v2\/product_tag?post=1320"}],"curies":[{"name":"wp","href":"https:\/\/api.w.org\/{rel}","templated":true}]}}