{"id":1342,"date":"2025-02-19T00:14:16","date_gmt":"2025-02-19T00:14:16","guid":{"rendered":"https:\/\/rootoil.sandigital.ch\/produit\/berg-bohnenkraut\/"},"modified":"2025-02-19T00:14:16","modified_gmt":"2025-02-19T00:14:16","slug":"berg-bohnenkraut","status":"publish","type":"product","link":"https:\/\/rootoil.ch\/de\/produit\/berg-bohnenkraut\/","title":{"rendered":"Berg-Bohnenkraut"},"content":{"rendered":"<p>Das \u00e4therische \u00d6l des Bergbohnenkrauts ist bekannt f\u00fcr seine antimykotische, antibakterielle, antiseptische und wurmtreibende Wirkung. Es wird daher zur Bek\u00e4mpfung vieler Arten von Infektionen (gyn\u00e4kologische, Verdauungs-, Atemwegs- und Hautinfektionen), gegen niedrigen Blutdruck aufgrund von M\u00fcdigkeit und zur Wiederherstellung des Tonus verwendet.<\/p>\n<p>Tipps zur Verwendung in der Aromatherapie<\/p>\n<p>Pflege<\/p>\n<p>2 Tropfen \u00e4therisches Bio-\u00d6l auf einem Zuckerw\u00fcrfel vor den Mahlzeiten zur Vorbeugung von Darminfektionen w\u00e4hrend einer Reise.<br \/>\n1 Tropfen \u00e4therisches Bio-\u00d6l + 1 Tropfen \u00e4therisches Bio-Zitronen\u00f6l auf einem Zuckerw\u00fcrfel nach den Mahlzeiten zur F\u00f6rderung der Verdauung.<br \/>\nMassage<\/p>\n<p>4 Tropfen in 20 ml Pflanzen\u00f6l als R\u00fcckenmassage gegen M\u00fcdigkeit.<\/p>\n<p>Verabreichungswege in der Aromatherapie<\/p>\n<p>Innere Anwendung: ja<br \/>\n\u00dcber die Haut: ja (eine maximale Konzentration von 20% verd\u00fcnnt in einem pflanzlichen \u00d6l sollte nicht \u00fcberschritten werden)<br \/>\nDiffusion: nein<br \/>\nInhalation: nein  <\/p>\n","protected":false},"excerpt":{"rendered":"<p>Das Bergbohnenkraut w\u00e4chst in den Bergregionen rund um das Mittelmeer. Bei den R\u00f6mern war er wegen seiner geschmacklichen und medizinischen Qualit\u00e4ten bekannt und wurde auch zur Desinfektion von Lebensmitteln verwendet, um Darminfektionen zu vermeiden.<\/p>\n","protected":false},"featured_media":1223,"comment_status":"open","ping_status":"closed","template":"","meta":{"_acf_changed":false},"product_brand":[],"product_cat":[45],"product_tag":[],"class_list":{"0":"post-1342","1":"product","2":"type-product","3":"status-publish","4":"has-post-thumbnail","6":"product_cat-atherische-ole","8":"first","9":"instock","10":"shipping-taxable","11":"purchasable","12":"product-type-variable","13":"has-default-attributes"},"acf":[],"aioseo_notices":[],"_links":{"self":[{"href":"https:\/\/rootoil.ch\/de\/wp-json\/wp\/v2\/product\/1342","targetHints":{"allow":["GET"]}}],"collection":[{"href":"https:\/\/rootoil.ch\/de\/wp-json\/wp\/v2\/product"}],"about":[{"href":"https:\/\/rootoil.ch\/de\/wp-json\/wp\/v2\/types\/product"}],"replies":[{"embeddable":true,"href":"https:\/\/rootoil.ch\/de\/wp-json\/wp\/v2\/comments?post=1342"}],"wp:featuredmedia":[{"embeddable":true,"href":"https:\/\/rootoil.ch\/de\/wp-json\/wp\/v2\/media\/1223"}],"wp:attachment":[{"href":"https:\/\/rootoil.ch\/de\/wp-json\/wp\/v2\/media?parent=1342"}],"wp:term":[{"taxonomy":"product_brand","embeddable":true,"href":"https:\/\/rootoil.ch\/de\/wp-json\/wp\/v2\/product_brand?post=1342"},{"taxonomy":"product_cat","embeddable":true,"href":"https:\/\/rootoil.ch\/de\/wp-json\/wp\/v2\/product_cat?post=1342"},{"taxonomy":"product_tag","embeddable":true,"href":"https:\/\/rootoil.ch\/de\/wp-json\/wp\/v2\/product_tag?post=1342"}],"curies":[{"name":"wp","href":"https:\/\/api.w.org\/{rel}","templated":true}]}}