{"id":1352,"date":"2025-02-19T00:12:20","date_gmt":"2025-02-19T00:12:20","guid":{"rendered":"https:\/\/rootoil.sandigital.ch\/produit\/sibirische-tanne\/"},"modified":"2025-02-19T00:12:20","modified_gmt":"2025-02-19T00:12:20","slug":"sibirische-tanne","status":"publish","type":"product","link":"https:\/\/rootoil.ch\/de\/produit\/sibirische-tanne\/","title":{"rendered":"Sibirische Tanne"},"content":{"rendered":"<p>In der Duftlampe kann das \u00e4therische \u00d6l der Sibirischen Tanne auch die Luft reinigen. Das \u00e4therische \u00d6l der Sibirischen Tanne ist auch daf\u00fcr bekannt, bei Beschwerden der Atemwege zu helfen.<\/p>\n<p>Das \u00e4therische \u00d6l der Sibirischen Tanne zeichnet sich durch eine sehr weiche und frische Duftnote aus, die an den Duft von Kiefernbonbons und Weihnachtsb\u00e4umen erinnert!<\/p>\n<p>Es ist daher ein sehr angenehmes \u00e4therisches \u00d6l f\u00fcr die Luftbeduftung, das perfekt mit Zitrusfr\u00fcchten wie s\u00fc\u00dfe Orange, Mandarine und Bergamotte harmoniert.<\/p>\n","protected":false},"excerpt":{"rendered":"<p>Mit seinem harzigen, holzigen und frischen Duft ist das \u00e4therische \u00d6l der Sibirischen Tanne ein sehr guter nat\u00fcrlicher Lufterfrischer.<\/p>\n","protected":false},"featured_media":1216,"comment_status":"open","ping_status":"closed","template":"","meta":{"_acf_changed":false},"product_brand":[],"product_cat":[45],"product_tag":[],"class_list":{"0":"post-1352","1":"product","2":"type-product","3":"status-publish","4":"has-post-thumbnail","6":"product_cat-atherische-ole","8":"first","9":"instock","10":"shipping-taxable","11":"purchasable","12":"product-type-variable","13":"has-default-attributes"},"acf":[],"aioseo_notices":[],"_links":{"self":[{"href":"https:\/\/rootoil.ch\/de\/wp-json\/wp\/v2\/product\/1352","targetHints":{"allow":["GET"]}}],"collection":[{"href":"https:\/\/rootoil.ch\/de\/wp-json\/wp\/v2\/product"}],"about":[{"href":"https:\/\/rootoil.ch\/de\/wp-json\/wp\/v2\/types\/product"}],"replies":[{"embeddable":true,"href":"https:\/\/rootoil.ch\/de\/wp-json\/wp\/v2\/comments?post=1352"}],"wp:featuredmedia":[{"embeddable":true,"href":"https:\/\/rootoil.ch\/de\/wp-json\/wp\/v2\/media\/1216"}],"wp:attachment":[{"href":"https:\/\/rootoil.ch\/de\/wp-json\/wp\/v2\/media?parent=1352"}],"wp:term":[{"taxonomy":"product_brand","embeddable":true,"href":"https:\/\/rootoil.ch\/de\/wp-json\/wp\/v2\/product_brand?post=1352"},{"taxonomy":"product_cat","embeddable":true,"href":"https:\/\/rootoil.ch\/de\/wp-json\/wp\/v2\/product_cat?post=1352"},{"taxonomy":"product_tag","embeddable":true,"href":"https:\/\/rootoil.ch\/de\/wp-json\/wp\/v2\/product_tag?post=1352"}],"curies":[{"name":"wp","href":"https:\/\/api.w.org\/{rel}","templated":true}]}}