{"id":1365,"date":"2025-02-19T00:10:36","date_gmt":"2025-02-19T00:10:36","guid":{"rendered":"https:\/\/rootoil.sandigital.ch\/produit\/weiss-silbertanne\/"},"modified":"2025-02-19T00:10:36","modified_gmt":"2025-02-19T00:10:36","slug":"weiss-silbertanne","status":"publish","type":"product","link":"https:\/\/rootoil.ch\/de\/produit\/weiss-silbertanne\/","title":{"rendered":"Wei\u00df-\/Silbertanne"},"content":{"rendered":"<p>Diese Essenz ist ideal, um die Kraft und den Mut zum Weitermachen zu finden. Au\u00dferdem bek\u00e4mpft es Depressionen, Stress, Sucht, M\u00fcdigkeit, Burnout, Schw\u00e4che und mangelndes Selbstvertrauen. Die Wei\u00dftanne gleicht auch das neurovegetative System aus, erh\u00f6ht die psycho-emotionale St\u00e4rke, f\u00f6rdert das Loslassen und entwickelt Charisma, w\u00e4hrend sie die subtilen K\u00f6rper reinigt und regeneriert. Dar\u00fcber hinaus reinigt er die Atmosph\u00e4re und setzt Vitalit\u00e4t frei.<\/p>\n<p>Duft: frisch, hell, holzig Eigenschaften: aktivierend, belebend, reinigend f\u00fcr die Raumluft, kl\u00e4rend, st\u00e4rkend Dieser wunderbare Waldduft erinnert an Weihnachten unter dem Weihnachtsbaum. Der Duft stimuliert die Sinne, macht mutig und verleiht neue Lebensenergie. Hilft bei M\u00fcdigkeit, Energieverlust, seelischer Ersch\u00f6pfung, Winterbeschwerden. Sorgt f\u00fcr Optimismus, Vitalit\u00e4t und Mut. In seltenen F\u00e4llen kann es die Haut leicht reizen Conseils: F\u00fcr ein kr\u00e4ftigendes und belebendes Bad mischen Sie 4 bis 10 Tropfen dieses \u00d6ls mit Basic Kokosnussschaum (Fl\u00fcssigseife), Honig oder Sahne. Um die Luft in der kalten Jahreszeit zu reinigen, mischen Sie das \u00d6l mit Zitrus\u00f6len in der Duftlampe.<\/p>\n","protected":false},"excerpt":{"rendered":"<p>Die Wei\u00dftanne ist ein Nadelbaum aus der Familie der Kieferngew\u00e4chse, der traditionell zur Befreiung der Atmung verwendet wird. Nach der Destillation der Zapfen wird ein 100% reines und nat\u00fcrliches \u00e4therisches \u00d6l mit einem belebenden holzigen und balsamischen Duft gewonnen.<\/p>\n","protected":false},"featured_media":1209,"comment_status":"open","ping_status":"closed","template":"","meta":{"_acf_changed":false},"product_brand":[],"product_cat":[45],"product_tag":[],"class_list":{"0":"post-1365","1":"product","2":"type-product","3":"status-publish","4":"has-post-thumbnail","6":"product_cat-atherische-ole","8":"first","9":"instock","10":"shipping-taxable","11":"purchasable","12":"product-type-variable","13":"has-default-attributes"},"acf":[],"aioseo_notices":[],"_links":{"self":[{"href":"https:\/\/rootoil.ch\/de\/wp-json\/wp\/v2\/product\/1365","targetHints":{"allow":["GET"]}}],"collection":[{"href":"https:\/\/rootoil.ch\/de\/wp-json\/wp\/v2\/product"}],"about":[{"href":"https:\/\/rootoil.ch\/de\/wp-json\/wp\/v2\/types\/product"}],"replies":[{"embeddable":true,"href":"https:\/\/rootoil.ch\/de\/wp-json\/wp\/v2\/comments?post=1365"}],"wp:featuredmedia":[{"embeddable":true,"href":"https:\/\/rootoil.ch\/de\/wp-json\/wp\/v2\/media\/1209"}],"wp:attachment":[{"href":"https:\/\/rootoil.ch\/de\/wp-json\/wp\/v2\/media?parent=1365"}],"wp:term":[{"taxonomy":"product_brand","embeddable":true,"href":"https:\/\/rootoil.ch\/de\/wp-json\/wp\/v2\/product_brand?post=1365"},{"taxonomy":"product_cat","embeddable":true,"href":"https:\/\/rootoil.ch\/de\/wp-json\/wp\/v2\/product_cat?post=1365"},{"taxonomy":"product_tag","embeddable":true,"href":"https:\/\/rootoil.ch\/de\/wp-json\/wp\/v2\/product_tag?post=1365"}],"curies":[{"name":"wp","href":"https:\/\/api.w.org\/{rel}","templated":true}]}}