{"id":1371,"date":"2025-02-18T23:57:07","date_gmt":"2025-02-18T23:57:07","guid":{"rendered":"https:\/\/rootoil.sandigital.ch\/produit\/schwarzer-pfeffer\/"},"modified":"2025-02-18T23:57:07","modified_gmt":"2025-02-18T23:57:07","slug":"schwarzer-pfeffer","status":"publish","type":"product","link":"https:\/\/rootoil.ch\/de\/produit\/schwarzer-pfeffer\/","title":{"rendered":"Schwarzer Pfeffer"},"content":{"rendered":"<p>\u00c4therisches \u00d6l aus schwarzem Pfeffer wird gegen Zahn-, Rheuma- und R\u00fcckenschmerzen oder zur Muskelvorbereitung f\u00fcr Sportler verwendet. Sie ist ein wunderbares Stimulans und Tonikum bei seelischer Ersch\u00f6pfung.<\/p>\n<p>Tipps zur Verwendung in der Aromatherapie<\/p>\n<p>Massage: 1 Tropfen in 10ml Pflanzen\u00f6l auf die Muskeln massieren.  <\/p>\n<p>Pflege: 1 Tropfen auf ein Wattest\u00e4bchen geben und auf den schmerzenden Zahn (Karies) auftragen.<\/p>\n<p>Verabreichungswege in der Aromatherapie<\/p>\n<p>Innere Anwendung: ja, aber nur kurzfristig und unter Aufsicht eines Fachmanns<br \/>\nHaut: ja (Sie sollten eine maximale Konzentration von 10%, verd\u00fcnnt in einem Pflanzen\u00f6l, nicht \u00fcberschreiten)<br \/>\nDiffusion: ja, in kleinen Mengen und mit anderen \u00d6len, da es reizend sein kann<br \/>\nInhalation: nein<\/p>\n","protected":false},"excerpt":{"rendered":"<p>Das \u00e4therische \u00d6l des schwarzen Pfeffers wird durch Destillation der fast reifen Beeren des Pfefferbaums gewonnen. Es ist ein starkes \u00e4therisches \u00d6l, das nur in geringen Dosen verwendet werden sollte. Er ist vor allem f\u00fcr seine tonisierende Wirkung auf die Verdauung, den Blutkreislauf, die Muskeln und die Moral bekannt.<\/p>\n","protected":false},"featured_media":1159,"comment_status":"open","ping_status":"closed","template":"","meta":{"_acf_changed":false},"product_brand":[],"product_cat":[45],"product_tag":[],"class_list":{"0":"post-1371","1":"product","2":"type-product","3":"status-publish","4":"has-post-thumbnail","6":"product_cat-atherische-ole","8":"first","9":"instock","10":"shipping-taxable","11":"purchasable","12":"product-type-variable","13":"has-default-attributes"},"acf":[],"aioseo_notices":[],"_links":{"self":[{"href":"https:\/\/rootoil.ch\/de\/wp-json\/wp\/v2\/product\/1371","targetHints":{"allow":["GET"]}}],"collection":[{"href":"https:\/\/rootoil.ch\/de\/wp-json\/wp\/v2\/product"}],"about":[{"href":"https:\/\/rootoil.ch\/de\/wp-json\/wp\/v2\/types\/product"}],"replies":[{"embeddable":true,"href":"https:\/\/rootoil.ch\/de\/wp-json\/wp\/v2\/comments?post=1371"}],"wp:featuredmedia":[{"embeddable":true,"href":"https:\/\/rootoil.ch\/de\/wp-json\/wp\/v2\/media\/1159"}],"wp:attachment":[{"href":"https:\/\/rootoil.ch\/de\/wp-json\/wp\/v2\/media?parent=1371"}],"wp:term":[{"taxonomy":"product_brand","embeddable":true,"href":"https:\/\/rootoil.ch\/de\/wp-json\/wp\/v2\/product_brand?post=1371"},{"taxonomy":"product_cat","embeddable":true,"href":"https:\/\/rootoil.ch\/de\/wp-json\/wp\/v2\/product_cat?post=1371"},{"taxonomy":"product_tag","embeddable":true,"href":"https:\/\/rootoil.ch\/de\/wp-json\/wp\/v2\/product_tag?post=1371"}],"curies":[{"name":"wp","href":"https:\/\/api.w.org\/{rel}","templated":true}]}}