{"id":1400,"date":"2025-02-18T23:49:49","date_gmt":"2025-02-18T23:49:49","guid":{"rendered":"https:\/\/rootoil.sandigital.ch\/produit\/patchouli\/"},"modified":"2025-02-18T23:49:49","modified_gmt":"2025-02-18T23:49:49","slug":"patchouli","status":"publish","type":"product","link":"https:\/\/rootoil.ch\/de\/produit\/patchouli\/","title":{"rendered":"Patchouli"},"content":{"rendered":"<p>Es ist auch bekannt als Darminfektiosum und entz\u00fcndungshemmend und ist bekannt f\u00fcr die Bek\u00e4mpfung von Impetigo, Akne und Ekzemen. Es wird auch gegen Ersch\u00f6pfung, Frigidit\u00e4t, Stress und Angstzust\u00e4nde verwendet.<\/p>\n<p>Tipps zur Verwendung in der Aromatherapie<\/p>\n<p>Ausstrahlung :<\/p>\n<p>Einige Tropfen in einem Diffusor f\u00fcr 5 Minuten, um das Innere zu parf\u00fcmieren und wieder zur Ruhe zu kommen.<br \/>\nPflege :<\/p>\n<p>5 Tropfen in 20 ml Pflanzen\u00f6l bei Akne oder Ekzemen.<br \/>\nMassage:<\/p>\n<p>7 Tropfen in 20 ml Pflanzen\u00f6l f\u00fcr eine Massage bei Krampfadern oder als Schlankheitsmassage.<br \/>\n1 Tropfen \u00e4therisches Patschuli\u00f6l + 1 Tropfen \u00e4therisches Mastixbaum\u00f6l in 5 Tropfen Pflanzen\u00f6l im Bereich des Anus gegen H\u00e4morrhoiden.<\/p>\n<p>Verabreichungswege in der Aromatherapie<\/p>\n<p>Innere Anwendung: nein<br \/>\nHaut: ja (Sie sollten eine maximale Konzentration von 20% in einem Pflanzen\u00f6l nicht \u00fcberschreiten. Machen Sie einen Test an der Innenseite des Ellenbogens, um die Hautvertr\u00e4glichkeit zu pr\u00fcfen).<br \/>\nDiffusion: ja<br \/>\nInhalation: ja<\/p>\n","protected":false},"excerpt":{"rendered":"<p>Patchouli, was auf Tamilisch &#8222;gr\u00fcnes Blatt&#8220; bedeutet, w\u00e4chst haupts\u00e4chlich in Indonesien, aber auch in Malaysia und auf den Philippinen. Das \u00e4therische \u00d6l von Patchouli, das aus der Destillation der Bl\u00e4tter gewonnen wird, ist in der Parf\u00fcmerie f\u00fcr seinen intensiven, holzigen und leicht w\u00fcrzigen Duft bekannt. Er wird auch in der traditionellen chinesischen Medizin verwendet und ist bekannt f\u00fcr seine verschiedenen positiven Eigenschaften auf die Blut- und Lymphzirkulation, f\u00fcr seine dermatologischen Vorteile und auch als sexuelles Stimulans. Sie hilft bei der Behandlung von H\u00e4morrhoiden, Krampfadern, Druckstellen, Cellulite und Wassereinlagerungen.<\/p>\n","protected":false},"featured_media":1131,"comment_status":"open","ping_status":"closed","template":"","meta":{"_acf_changed":false},"product_brand":[],"product_cat":[45],"product_tag":[],"class_list":{"0":"post-1400","1":"product","2":"type-product","3":"status-publish","4":"has-post-thumbnail","6":"product_cat-atherische-ole","8":"first","9":"instock","10":"shipping-taxable","11":"purchasable","12":"product-type-variable","13":"has-default-attributes"},"acf":[],"aioseo_notices":[],"_links":{"self":[{"href":"https:\/\/rootoil.ch\/de\/wp-json\/wp\/v2\/product\/1400","targetHints":{"allow":["GET"]}}],"collection":[{"href":"https:\/\/rootoil.ch\/de\/wp-json\/wp\/v2\/product"}],"about":[{"href":"https:\/\/rootoil.ch\/de\/wp-json\/wp\/v2\/types\/product"}],"replies":[{"embeddable":true,"href":"https:\/\/rootoil.ch\/de\/wp-json\/wp\/v2\/comments?post=1400"}],"wp:featuredmedia":[{"embeddable":true,"href":"https:\/\/rootoil.ch\/de\/wp-json\/wp\/v2\/media\/1131"}],"wp:attachment":[{"href":"https:\/\/rootoil.ch\/de\/wp-json\/wp\/v2\/media?parent=1400"}],"wp:term":[{"taxonomy":"product_brand","embeddable":true,"href":"https:\/\/rootoil.ch\/de\/wp-json\/wp\/v2\/product_brand?post=1400"},{"taxonomy":"product_cat","embeddable":true,"href":"https:\/\/rootoil.ch\/de\/wp-json\/wp\/v2\/product_cat?post=1400"},{"taxonomy":"product_tag","embeddable":true,"href":"https:\/\/rootoil.ch\/de\/wp-json\/wp\/v2\/product_tag?post=1400"}],"curies":[{"name":"wp","href":"https:\/\/api.w.org\/{rel}","templated":true}]}}