{"id":1440,"date":"2025-02-18T23:07:25","date_gmt":"2025-02-18T23:07:25","guid":{"rendered":"https:\/\/rootoil.sandigital.ch\/produit\/geranium\/"},"modified":"2025-02-18T23:07:25","modified_gmt":"2025-02-18T23:07:25","slug":"geranium","status":"publish","type":"product","link":"https:\/\/rootoil.ch\/de\/produit\/geranium\/","title":{"rendered":"Geranium"},"content":{"rendered":"<p>Dieses \u00d6l ist vor allem f\u00fcr seine dermatologischen Eigenschaften bekannt: Es wird zur Bek\u00e4mpfung von Hautalterung, Pilzinfektionen, Akne, fettiger Haut, Cellulite und Dehnungsstreifen verwendet. Es wird auch als Haarpflegemittel gegen Haarausfall verwendet.<\/p>\n<p>In der K\u00fcche verleiht er Desserts eine blumige Note und ist daf\u00fcr bekannt, Verdauungsbeschwerden zu lindern. Ihm werden folgende Eigenschaften zugeschrieben: krampfl\u00f6send, antiseptisch f\u00fcr den Darm.<\/p>\n<p>Tipps zur Verwendung in der Aromatherapie<\/p>\n<p>Pflege<\/p>\n<p>1 Tropfen auf Insektenstiche.<br \/>\n1 Tropfen Rosengeranie und 1 Tropfen Teebaum in einem L\u00f6ffel Pflanzen\u00f6l zur Anwendung bei Pilzinfektionen.<br \/>\nMassage 6 Tropfen in 20 ml Pflanzen\u00f6l zur Massage der Oberschenkel und des Ges\u00e4\u00dfes gegen Dehnungsstreifen.<\/p>\n<p>Verabreichungswege in der Aromatherapie<\/p>\n<p>Innerer Weg: ja<br \/>\nHautweg: ja<br \/>\nDiffusion: ja<br \/>\nInhalation: ja<\/p>\n","protected":false},"excerpt":{"rendered":"<p>Das \u00e4therische \u00d6l der Rosengeranie wird durch Destillation der frischen Bl\u00e4tter und Bl\u00fcten der Geranie gewonnen. Es wird 1 Tonne ben\u00f6tigt, um 1,5 kg \u00e4therisches \u00d6l zu erhalten. Diese Pflanze wird haupts\u00e4chlich in den warmen Regionen Chinas, auf La R\u00e9union, in \u00c4gypten&#8230;<\/p>\n","protected":false},"featured_media":972,"comment_status":"open","ping_status":"closed","template":"","meta":{"_acf_changed":false},"product_brand":[],"product_cat":[45],"product_tag":[],"class_list":{"0":"post-1440","1":"product","2":"type-product","3":"status-publish","4":"has-post-thumbnail","6":"product_cat-atherische-ole","8":"first","9":"instock","10":"shipping-taxable","11":"purchasable","12":"product-type-variable","13":"has-default-attributes"},"acf":[],"aioseo_notices":[],"_links":{"self":[{"href":"https:\/\/rootoil.ch\/de\/wp-json\/wp\/v2\/product\/1440","targetHints":{"allow":["GET"]}}],"collection":[{"href":"https:\/\/rootoil.ch\/de\/wp-json\/wp\/v2\/product"}],"about":[{"href":"https:\/\/rootoil.ch\/de\/wp-json\/wp\/v2\/types\/product"}],"replies":[{"embeddable":true,"href":"https:\/\/rootoil.ch\/de\/wp-json\/wp\/v2\/comments?post=1440"}],"wp:featuredmedia":[{"embeddable":true,"href":"https:\/\/rootoil.ch\/de\/wp-json\/wp\/v2\/media\/972"}],"wp:attachment":[{"href":"https:\/\/rootoil.ch\/de\/wp-json\/wp\/v2\/media?parent=1440"}],"wp:term":[{"taxonomy":"product_brand","embeddable":true,"href":"https:\/\/rootoil.ch\/de\/wp-json\/wp\/v2\/product_brand?post=1440"},{"taxonomy":"product_cat","embeddable":true,"href":"https:\/\/rootoil.ch\/de\/wp-json\/wp\/v2\/product_cat?post=1440"},{"taxonomy":"product_tag","embeddable":true,"href":"https:\/\/rootoil.ch\/de\/wp-json\/wp\/v2\/product_tag?post=1440"}],"curies":[{"name":"wp","href":"https:\/\/api.w.org\/{rel}","templated":true}]}}