{"id":1475,"date":"2025-02-19T00:21:38","date_gmt":"2025-02-19T00:21:38","guid":{"rendered":"https:\/\/rootoil.sandigital.ch\/produit\/thymian-ct-thymol\/"},"modified":"2025-02-19T00:21:38","modified_gmt":"2025-02-19T00:21:38","slug":"thymian-ct-thymol","status":"publish","type":"product","link":"https:\/\/rootoil.ch\/de\/produit\/thymian-ct-thymol\/","title":{"rendered":"Thymian Ct Thymol"},"content":{"rendered":"<p>\u00c4therisches Thymian\u00f6l ist als starkes Antiinfektivum, Antiviralum und Antiseptikum bekannt, das sowohl auf den Verdauungstrakt als auch auf die Haut, den Mund und den HNO-Bereich angewendet werden kann. Thymian geh\u00f6rt zu den 5 \u00e4therischen \u00d6len mit der h\u00f6chsten Konzentration an Phenolen und ist die am st\u00e4rksten infektionshemmende aromatische Familie (zusammen mit Oregano, Zimt, Bergbohnenkraut und Nelkenbaum). Sie sollten daher nicht leichtfertig damit umgehen und vorsichtig mit ihrer Verwendung sein!  <\/p>\n<p>Er wird zur Reinigung der Atemwege (Halsschmerzen, Angina, Sinusitis&#8230;), des Verdauungstraktes und zur L\u00f6sung von Problemen mit dermatologischen Infektionen verwendet. Er wirkt belebend und hilft, M\u00fcdigkeit zu bek\u00e4mpfen.<\/p>\n<p>Tipps zur Verwendung in der Aromatherapie<\/p>\n<p>Dosierung :  <\/p>\n<p>Gehen Sie immer davon aus, dass ein Tropfen \u00e4therisches Thymian\u00f6l pro Einnahme (oral oder lokal) v\u00f6llig ausreicht, und zwar immer verd\u00fcnnt mit einem pflanzlichen \u00d6l.  <\/p>\n<p>Verwenden Sie es zusammen mit anderen \u00e4therischen \u00d6len, um den Nutzen zu vervielfachen.<\/p>\n<p>Beispiel f\u00fcr ein Rezept gegen Bronchitis :  <\/p>\n<p>Mischen Sie in einer 10-ml-Flasche :  <\/p>\n<p>5 Tropfen \u00e4therisches \u00d6l aus Thymol-Thymian<\/p>\n<p>20 Tropfen \u00e4therisches \u00d6l aus der Duftnessel<\/p>\n<p>30 Tropfen \u00e4therisches \u00d6l von Ravintsara  <\/p>\n<p>F\u00fcllen Sie die Flasche mit neutralem Pflanzen\u00f6l wie Aprikosenkern\u00f6l auf.  <\/p>\n<p>Sie k\u00f6nnen 5-6 Tropfen dieser Mischung einnehmen und sie 2-3 mal t\u00e4glich auf den oberen Brustkorb und den oberen R\u00fccken auftragen, bis sich die Beschwerden gebessert haben.  <\/p>\n<p>Verabreichungswege in der Aromatherapie<\/p>\n<p>Innerlich: ja (immer gut verd\u00fcnnt)<br \/>\n\u00dcber die Haut: ja (eine maximale Konzentration von 5%, verd\u00fcnnt in einem pflanzlichen \u00d6l, sollte nicht \u00fcberschritten werden)<br \/>\nDiffusion: nein<br \/>\nInhalation: nein<\/p>\n","protected":false},"excerpt":{"rendered":"<p>Thymian ist eine Pflanze aus der Familie der Lamiaceae, die W\u00e4rme und harte B\u00f6den liebt. Sie ist haupts\u00e4chlich in S\u00fcdfrankreich, Italien und auf dem Balkan zu finden.<\/p>\n","protected":false},"featured_media":1251,"comment_status":"open","ping_status":"closed","template":"","meta":{"_acf_changed":false},"product_brand":[],"product_cat":[45],"product_tag":[],"class_list":{"0":"post-1475","1":"product","2":"type-product","3":"status-publish","4":"has-post-thumbnail","6":"product_cat-atherische-ole","8":"first","9":"instock","10":"shipping-taxable","11":"purchasable","12":"product-type-variable","13":"has-default-attributes"},"acf":[],"aioseo_notices":[],"_links":{"self":[{"href":"https:\/\/rootoil.ch\/de\/wp-json\/wp\/v2\/product\/1475","targetHints":{"allow":["GET"]}}],"collection":[{"href":"https:\/\/rootoil.ch\/de\/wp-json\/wp\/v2\/product"}],"about":[{"href":"https:\/\/rootoil.ch\/de\/wp-json\/wp\/v2\/types\/product"}],"replies":[{"embeddable":true,"href":"https:\/\/rootoil.ch\/de\/wp-json\/wp\/v2\/comments?post=1475"}],"wp:featuredmedia":[{"embeddable":true,"href":"https:\/\/rootoil.ch\/de\/wp-json\/wp\/v2\/media\/1251"}],"wp:attachment":[{"href":"https:\/\/rootoil.ch\/de\/wp-json\/wp\/v2\/media?parent=1475"}],"wp:term":[{"taxonomy":"product_brand","embeddable":true,"href":"https:\/\/rootoil.ch\/de\/wp-json\/wp\/v2\/product_brand?post=1475"},{"taxonomy":"product_cat","embeddable":true,"href":"https:\/\/rootoil.ch\/de\/wp-json\/wp\/v2\/product_cat?post=1475"},{"taxonomy":"product_tag","embeddable":true,"href":"https:\/\/rootoil.ch\/de\/wp-json\/wp\/v2\/product_tag?post=1475"}],"curies":[{"name":"wp","href":"https:\/\/api.w.org\/{rel}","templated":true}]}}