{"id":1595,"date":"2025-03-07T21:35:26","date_gmt":"2025-03-07T21:35:26","guid":{"rendered":"https:\/\/rootoil.sandigital.ch\/produit\/ajowan\/"},"modified":"2025-03-07T21:35:26","modified_gmt":"2025-03-07T21:35:26","slug":"ajowan","status":"publish","type":"product","link":"https:\/\/rootoil.ch\/de\/produit\/ajowan\/","title":{"rendered":"Ajowan"},"content":{"rendered":"<p>\u00c4therisches Ajowan\u00f6l ist vor allem f\u00fcr seine Eigenschaften gegen Infektionen der Atemwege, der Harnwege und des Verdauungstraktes bekannt: antiviral, antibakteriell, antiparasit\u00e4r, antimykotisch, antiseptisch.  <\/p>\n<p>Tipps zur Verwendung in der Aromatherapie<\/p>\n<p>Einatmen<\/p>\n<p>2 Tropfen in einer Sch\u00fcssel mit warmem Wasser zur Inhalation (achten Sie darauf, die Augen gut zu schlie\u00dfen).<br \/>\n1 Tropfen auf einem Taschentuch zum Einatmen gegen Infektionen der Atemwege.<br \/>\n Pflege<\/p>\n<p>2 Tropfen Bio-\u00d6l auf einem Brotkrumenb\u00e4llchen oder einer neutralen Tablette gegen Verdauungsst\u00f6rungen oder Parasiten maximal 3 Mal pro Tag f\u00fcr h\u00f6chstens 7 Tage (mit einem \u00e4therischen Bio-Zitronen\u00f6l kombinieren, um Ihre Leber zu sch\u00fctzen).<\/p>\n<p>Verabreichungswege in der Aromatherapie<\/p>\n<p>Innere Anwendung: ja<br \/>\n\u00dcber die Haut: ja (eine maximale Konzentration von 20% verd\u00fcnnt in einem pflanzlichen \u00d6l sollte nicht \u00fcberschritten werden)<br \/>\nDiffusion: nein<br \/>\nInhalation: ja<\/p>\n","protected":false},"excerpt":{"rendered":"<p>Ajowan geh\u00f6rt zur selben Familie wie Dill, K\u00fcmmel oder K\u00fcmmel. Es stammt aus Indien und ist aufgrund seines hohen Thymolgehalts ein \u00e4therisches \u00d6l, das mit Vorsicht und nur von Erwachsenen verwendet werden sollte. <\/p>\n","protected":false},"featured_media":1590,"comment_status":"open","ping_status":"closed","template":"","meta":{"_acf_changed":false},"product_brand":[],"product_cat":[45],"product_tag":[],"class_list":{"0":"post-1595","1":"product","2":"type-product","3":"status-publish","4":"has-post-thumbnail","6":"product_cat-atherische-ole","8":"first","9":"instock","10":"shipping-taxable","11":"purchasable","12":"product-type-variable","13":"has-default-attributes"},"acf":[],"aioseo_notices":[],"_links":{"self":[{"href":"https:\/\/rootoil.ch\/de\/wp-json\/wp\/v2\/product\/1595","targetHints":{"allow":["GET"]}}],"collection":[{"href":"https:\/\/rootoil.ch\/de\/wp-json\/wp\/v2\/product"}],"about":[{"href":"https:\/\/rootoil.ch\/de\/wp-json\/wp\/v2\/types\/product"}],"replies":[{"embeddable":true,"href":"https:\/\/rootoil.ch\/de\/wp-json\/wp\/v2\/comments?post=1595"}],"wp:featuredmedia":[{"embeddable":true,"href":"https:\/\/rootoil.ch\/de\/wp-json\/wp\/v2\/media\/1590"}],"wp:attachment":[{"href":"https:\/\/rootoil.ch\/de\/wp-json\/wp\/v2\/media?parent=1595"}],"wp:term":[{"taxonomy":"product_brand","embeddable":true,"href":"https:\/\/rootoil.ch\/de\/wp-json\/wp\/v2\/product_brand?post=1595"},{"taxonomy":"product_cat","embeddable":true,"href":"https:\/\/rootoil.ch\/de\/wp-json\/wp\/v2\/product_cat?post=1595"},{"taxonomy":"product_tag","embeddable":true,"href":"https:\/\/rootoil.ch\/de\/wp-json\/wp\/v2\/product_tag?post=1595"}],"curies":[{"name":"wp","href":"https:\/\/api.w.org\/{rel}","templated":true}]}}