{"id":1620,"date":"2025-03-07T21:39:15","date_gmt":"2025-03-07T21:39:15","guid":{"rendered":"https:\/\/rootoil.sandigital.ch\/produit\/blaue-kamille-tanaisie-annuelle\/"},"modified":"2025-03-07T21:39:15","modified_gmt":"2025-03-07T21:39:15","slug":"blaue-kamille-tanaisie-annuelle","status":"publish","type":"product","link":"https:\/\/rootoil.ch\/de\/produit\/blaue-kamille-tanaisie-annuelle\/","title":{"rendered":"Blaue Kamille (Tanaisie Annuelle)"},"content":{"rendered":"<p>Die Einj\u00e4hrige Tansy, auch Blaue Kamille oder Marokkanische Kamille genannt, geh\u00f6rt zur botanischen Familie der Korbbl\u00fctler (Asteraceae). Diese einj\u00e4hrige, krautige Pflanze w\u00e4chst im Mittelmeerraum und in der nordwestlichen Region von Marokko. Die Pflanze wurde fr\u00fcher von den \u00c4gyptern verehrt und geh\u00f6rt heute zum Standardrepertoire eines jeden Kr\u00e4uterkundigen.<\/p>\n<p>Das \u00e4therische \u00d6l, das aus den Bl\u00e4ttern der Pflanze gewonnen wird, hat eine charakteristische blaue Farbe, die auf das Vorhandensein von Chamazulen zur\u00fcckzuf\u00fchren ist. Da dieser Bestandteil f\u00fcr seine beruhigenden und bes\u00e4nftigenden Eigenschaften bekannt ist, wird er seit jeher als Erg\u00e4nzung zur Behandlung von Asthma und Allergien verwendet.<\/p>\n","protected":false},"excerpt":{"rendered":"<p>Das \u00e4therische \u00d6l von Rainfarn ist aufgrund seines Gehalts an Chamazulen stark beruhigend und ist daf\u00fcr bekannt, Juckreiz und Reizungen zu lindern. Mit seiner au\u00dfergew\u00f6hnlichen blauen Farbe hilft das j\u00e4hrliche \u00e4therische \u00d6l von Tanaisie bei Hautbeschwerden. In der Aromatherapie wird das \u00e4therische \u00d6l von Tanaisie Annuelle als begleitende Ma\u00dfnahme bei kleinen Allergien empfohlen.<\/p>\n","protected":false},"featured_media":1614,"comment_status":"open","ping_status":"closed","template":"","meta":{"_acf_changed":false},"product_brand":[],"product_cat":[45],"product_tag":[],"class_list":{"0":"post-1620","1":"product","2":"type-product","3":"status-publish","4":"has-post-thumbnail","6":"product_cat-atherische-ole","8":"first","9":"instock","10":"shipping-taxable","11":"purchasable","12":"product-type-variable","13":"has-default-attributes"},"acf":[],"aioseo_notices":[],"_links":{"self":[{"href":"https:\/\/rootoil.ch\/de\/wp-json\/wp\/v2\/product\/1620","targetHints":{"allow":["GET"]}}],"collection":[{"href":"https:\/\/rootoil.ch\/de\/wp-json\/wp\/v2\/product"}],"about":[{"href":"https:\/\/rootoil.ch\/de\/wp-json\/wp\/v2\/types\/product"}],"replies":[{"embeddable":true,"href":"https:\/\/rootoil.ch\/de\/wp-json\/wp\/v2\/comments?post=1620"}],"wp:featuredmedia":[{"embeddable":true,"href":"https:\/\/rootoil.ch\/de\/wp-json\/wp\/v2\/media\/1614"}],"wp:attachment":[{"href":"https:\/\/rootoil.ch\/de\/wp-json\/wp\/v2\/media?parent=1620"}],"wp:term":[{"taxonomy":"product_brand","embeddable":true,"href":"https:\/\/rootoil.ch\/de\/wp-json\/wp\/v2\/product_brand?post=1620"},{"taxonomy":"product_cat","embeddable":true,"href":"https:\/\/rootoil.ch\/de\/wp-json\/wp\/v2\/product_cat?post=1620"},{"taxonomy":"product_tag","embeddable":true,"href":"https:\/\/rootoil.ch\/de\/wp-json\/wp\/v2\/product_tag?post=1620"}],"curies":[{"name":"wp","href":"https:\/\/api.w.org\/{rel}","templated":true}]}}