{"id":1632,"date":"2025-03-07T21:40:50","date_gmt":"2025-03-07T21:40:50","guid":{"rendered":"https:\/\/rootoil.sandigital.ch\/produit\/himalaya-zeder\/"},"modified":"2025-03-07T21:40:50","modified_gmt":"2025-03-07T21:40:50","slug":"himalaya-zeder","status":"publish","type":"product","link":"https:\/\/rootoil.ch\/de\/produit\/himalaya-zeder\/","title":{"rendered":"Himalaya-Zeder"},"content":{"rendered":"<p>Das reinigende und tonisierende \u00e4therische \u00d6l der Himalaya-Zeder ist reich an Sesquiterpenen, die f\u00fcr ihre beruhigende Wirkung bekannt sind, und an lipolytischen Ketonen. Spirituell, mit einem bet\u00f6renden Duft, der beruhigend und st\u00e4rkend wirkt.<\/p>\n","protected":false},"excerpt":{"rendered":"<p>Das reinigende und tonisierende \u00e4therische \u00d6l der Himalaya-Zeder ist reich an Sesquiterpenen, die f\u00fcr ihre beruhigende Wirkung bekannt sind, und an lipolytischen Ketonen. Spirituell, mit einem bet\u00f6renden Duft, der beruhigend und st\u00e4rkend wirkt.<\/p>\n","protected":false},"featured_media":1626,"comment_status":"open","ping_status":"closed","template":"","meta":{"_acf_changed":false},"product_brand":[],"product_cat":[45],"product_tag":[],"class_list":{"0":"post-1632","1":"product","2":"type-product","3":"status-publish","4":"has-post-thumbnail","6":"product_cat-atherische-ole","8":"first","9":"instock","10":"shipping-taxable","11":"purchasable","12":"product-type-variable","13":"has-default-attributes"},"acf":[],"aioseo_notices":[],"_links":{"self":[{"href":"https:\/\/rootoil.ch\/de\/wp-json\/wp\/v2\/product\/1632","targetHints":{"allow":["GET"]}}],"collection":[{"href":"https:\/\/rootoil.ch\/de\/wp-json\/wp\/v2\/product"}],"about":[{"href":"https:\/\/rootoil.ch\/de\/wp-json\/wp\/v2\/types\/product"}],"replies":[{"embeddable":true,"href":"https:\/\/rootoil.ch\/de\/wp-json\/wp\/v2\/comments?post=1632"}],"wp:featuredmedia":[{"embeddable":true,"href":"https:\/\/rootoil.ch\/de\/wp-json\/wp\/v2\/media\/1626"}],"wp:attachment":[{"href":"https:\/\/rootoil.ch\/de\/wp-json\/wp\/v2\/media?parent=1632"}],"wp:term":[{"taxonomy":"product_brand","embeddable":true,"href":"https:\/\/rootoil.ch\/de\/wp-json\/wp\/v2\/product_brand?post=1632"},{"taxonomy":"product_cat","embeddable":true,"href":"https:\/\/rootoil.ch\/de\/wp-json\/wp\/v2\/product_cat?post=1632"},{"taxonomy":"product_tag","embeddable":true,"href":"https:\/\/rootoil.ch\/de\/wp-json\/wp\/v2\/product_tag?post=1632"}],"curies":[{"name":"wp","href":"https:\/\/api.w.org\/{rel}","templated":true}]}}