{"id":1728,"date":"2025-03-11T14:13:41","date_gmt":"2025-03-11T14:13:41","guid":{"rendered":"https:\/\/rootoil.sandigital.ch\/produit\/hydrolat-muskatellersalbei\/"},"modified":"2025-03-11T14:13:41","modified_gmt":"2025-03-11T14:13:41","slug":"hydrolat-muskatellersalbei","status":"publish","type":"product","link":"https:\/\/rootoil.ch\/de\/produit\/hydrolat-muskatellersalbei\/","title":{"rendered":"Hydrolat Muskatellersalbei"},"content":{"rendered":"","protected":false},"excerpt":{"rendered":"<p class=\"p1\">Muskatellersalbeihydrolat ist ein nat\u00fcrliches Regulationsmittel, das f\u00fcr seine wohltuende Wirkung auf die Haut und das hormonelle Gleichgewicht bekannt ist. Es wirkt beruhigend und belebend, hilft bei der Reinigung der Haut und f\u00f6rdert ein Gef\u00fchl des Wohlbefindens. Sein s\u00fc\u00dfes, kr\u00e4uterartiges Aroma macht ihn zu einem wertvollen Verb\u00fcndeten f\u00fcr die Gesichtspflege und f\u00fcr Momente der Entspannung.  <\/p>\n","protected":false},"featured_media":1727,"comment_status":"open","ping_status":"closed","template":"","meta":{"_acf_changed":false},"product_brand":[],"product_cat":[46],"product_tag":[],"class_list":{"0":"post-1728","1":"product","2":"type-product","3":"status-publish","4":"has-post-thumbnail","6":"product_cat-hydrolate","8":"first","9":"instock","10":"shipping-taxable","11":"purchasable","12":"product-type-simple"},"acf":[],"aioseo_notices":[],"_links":{"self":[{"href":"https:\/\/rootoil.ch\/de\/wp-json\/wp\/v2\/product\/1728","targetHints":{"allow":["GET"]}}],"collection":[{"href":"https:\/\/rootoil.ch\/de\/wp-json\/wp\/v2\/product"}],"about":[{"href":"https:\/\/rootoil.ch\/de\/wp-json\/wp\/v2\/types\/product"}],"replies":[{"embeddable":true,"href":"https:\/\/rootoil.ch\/de\/wp-json\/wp\/v2\/comments?post=1728"}],"wp:featuredmedia":[{"embeddable":true,"href":"https:\/\/rootoil.ch\/de\/wp-json\/wp\/v2\/media\/1727"}],"wp:attachment":[{"href":"https:\/\/rootoil.ch\/de\/wp-json\/wp\/v2\/media?parent=1728"}],"wp:term":[{"taxonomy":"product_brand","embeddable":true,"href":"https:\/\/rootoil.ch\/de\/wp-json\/wp\/v2\/product_brand?post=1728"},{"taxonomy":"product_cat","embeddable":true,"href":"https:\/\/rootoil.ch\/de\/wp-json\/wp\/v2\/product_cat?post=1728"},{"taxonomy":"product_tag","embeddable":true,"href":"https:\/\/rootoil.ch\/de\/wp-json\/wp\/v2\/product_tag?post=1728"}],"curies":[{"name":"wp","href":"https:\/\/api.w.org\/{rel}","templated":true}]}}