{"id":1766,"date":"2025-03-07T21:58:50","date_gmt":"2025-03-07T21:58:50","guid":{"rendered":"https:\/\/rootoil.sandigital.ch\/produit\/vetivier\/"},"modified":"2025-03-07T21:58:50","modified_gmt":"2025-03-07T21:58:50","slug":"vetivier","status":"publish","type":"product","link":"https:\/\/rootoil.ch\/de\/produit\/vetivier\/","title":{"rendered":"Vetivier"},"content":{"rendered":"<p>Weitere in der Aromatherapie bekannte Eigenschaften sind: beruhigend, immunstimulierend, durchblutungsf\u00f6rdernd (bei Krampfadern), wirkt gegen Juckreiz und hat eine Wirkung auf den weiblichen Zyklus.  <\/p>\n<p>Tipps zur Verwendung in der Aromatherapie<\/p>\n<p>Diffusion: Einige Tropfen in einem elektrischen Diffusor f\u00fcr einige Minuten (5 bis 10 min\/h).<br \/>\n  Massage :  <\/p>\n<p>8 Tropfen in 30ml Pflanzen\u00f6l zusammen mit 8 Tropfen echtem Lavendel und 8 Tropfen Petit grain, f\u00fcr eine Massage auf dem Solarplexus f\u00fcr seine beruhigende Wirkung.<br \/>\n4 Tropfen in 20ml Pflanzen\u00f6l f\u00fcr eine Massage gegen das Gef\u00fchl von schweren Beinen (immer aufw\u00e4rts, von den F\u00fc\u00dfen bis zu den Knien).<br \/>\n Bad :  <\/p>\n<p>20 Tropfen in Salz, die Sie in das Bad geben und tief einatmen, um sich zu entspannen und die Blutzirkulation zu f\u00f6rdern.<\/p>\n<p>Verabreichungswege in der Aromatherapie<\/p>\n<p>Innere Anwendung: nein<br \/>\n\u00dcber die Haut: ja (eine maximale Konzentration von 10% verd\u00fcnnt in einem Pflanzen\u00f6l sollte nicht \u00fcberschritten werden)<br \/>\nDiffusion: ja<br \/>\nInhalation: nein<\/p>\n","protected":false},"excerpt":{"rendered":"<p>Das \u00e4therische \u00d6l von Vetiver wird zur Entspannung verwendet. In einer Diffusion w\u00fcrde er helfen, die Ruhe wiederzufinden. Es ist auch bekannt daf\u00fcr, dass es den Blutkreislauf st\u00e4rkt&#8230;.<\/p>\n","protected":false},"featured_media":1719,"comment_status":"open","ping_status":"closed","template":"","meta":{"_acf_changed":false},"product_brand":[],"product_cat":[45],"product_tag":[],"class_list":{"0":"post-1766","1":"product","2":"type-product","3":"status-publish","4":"has-post-thumbnail","6":"product_cat-atherische-ole","8":"first","9":"instock","10":"shipping-taxable","11":"purchasable","12":"product-type-variable","13":"has-default-attributes"},"acf":[],"aioseo_notices":[],"_links":{"self":[{"href":"https:\/\/rootoil.ch\/de\/wp-json\/wp\/v2\/product\/1766","targetHints":{"allow":["GET"]}}],"collection":[{"href":"https:\/\/rootoil.ch\/de\/wp-json\/wp\/v2\/product"}],"about":[{"href":"https:\/\/rootoil.ch\/de\/wp-json\/wp\/v2\/types\/product"}],"replies":[{"embeddable":true,"href":"https:\/\/rootoil.ch\/de\/wp-json\/wp\/v2\/comments?post=1766"}],"wp:featuredmedia":[{"embeddable":true,"href":"https:\/\/rootoil.ch\/de\/wp-json\/wp\/v2\/media\/1719"}],"wp:attachment":[{"href":"https:\/\/rootoil.ch\/de\/wp-json\/wp\/v2\/media?parent=1766"}],"wp:term":[{"taxonomy":"product_brand","embeddable":true,"href":"https:\/\/rootoil.ch\/de\/wp-json\/wp\/v2\/product_brand?post=1766"},{"taxonomy":"product_cat","embeddable":true,"href":"https:\/\/rootoil.ch\/de\/wp-json\/wp\/v2\/product_cat?post=1766"},{"taxonomy":"product_tag","embeddable":true,"href":"https:\/\/rootoil.ch\/de\/wp-json\/wp\/v2\/product_tag?post=1766"}],"curies":[{"name":"wp","href":"https:\/\/api.w.org\/{rel}","templated":true}]}}