{"id":1771,"date":"2025-03-11T14:19:07","date_gmt":"2025-03-11T14:19:07","guid":{"rendered":"https:\/\/rootoil.sandigital.ch\/produit\/majoran-hydrolat\/"},"modified":"2025-03-11T14:19:07","modified_gmt":"2025-03-11T14:19:07","slug":"majoran-hydrolat","status":"publish","type":"product","link":"https:\/\/rootoil.ch\/de\/produit\/majoran-hydrolat\/","title":{"rendered":"Majoran-Hydrolat"},"content":{"rendered":"","protected":false},"excerpt":{"rendered":"<p class=\"p1\">Majoranhydrolat ist ein nat\u00fcrliches Beruhigungsmittel mit beruhigenden und ausgleichenden Eigenschaften. Es ist ideal zur Beruhigung empfindlicher Haut und zur Reinigung der Epidermis, f\u00f6rdert aber auch die Entspannung und das emotionale Wohlbefinden. Sein s\u00fc\u00dfes, kr\u00e4uter\u00e4hnliches Aroma macht ihn zu einem wertvollen Verb\u00fcndeten bei der Hautpflege und in Momenten der Entspannung.  <\/p>\n","protected":false},"featured_media":1741,"comment_status":"open","ping_status":"closed","template":"","meta":{"_acf_changed":false},"product_brand":[],"product_cat":[46],"product_tag":[],"class_list":{"0":"post-1771","1":"product","2":"type-product","3":"status-publish","4":"has-post-thumbnail","6":"product_cat-hydrolate","8":"first","9":"instock","10":"shipping-taxable","11":"purchasable","12":"product-type-simple"},"acf":[],"aioseo_notices":[],"_links":{"self":[{"href":"https:\/\/rootoil.ch\/de\/wp-json\/wp\/v2\/product\/1771","targetHints":{"allow":["GET"]}}],"collection":[{"href":"https:\/\/rootoil.ch\/de\/wp-json\/wp\/v2\/product"}],"about":[{"href":"https:\/\/rootoil.ch\/de\/wp-json\/wp\/v2\/types\/product"}],"replies":[{"embeddable":true,"href":"https:\/\/rootoil.ch\/de\/wp-json\/wp\/v2\/comments?post=1771"}],"wp:featuredmedia":[{"embeddable":true,"href":"https:\/\/rootoil.ch\/de\/wp-json\/wp\/v2\/media\/1741"}],"wp:attachment":[{"href":"https:\/\/rootoil.ch\/de\/wp-json\/wp\/v2\/media?parent=1771"}],"wp:term":[{"taxonomy":"product_brand","embeddable":true,"href":"https:\/\/rootoil.ch\/de\/wp-json\/wp\/v2\/product_brand?post=1771"},{"taxonomy":"product_cat","embeddable":true,"href":"https:\/\/rootoil.ch\/de\/wp-json\/wp\/v2\/product_cat?post=1771"},{"taxonomy":"product_tag","embeddable":true,"href":"https:\/\/rootoil.ch\/de\/wp-json\/wp\/v2\/product_tag?post=1771"}],"curies":[{"name":"wp","href":"https:\/\/api.w.org\/{rel}","templated":true}]}}