{"id":1778,"date":"2025-03-07T21:52:56","date_gmt":"2025-03-07T21:52:56","guid":{"rendered":"https:\/\/rootoil.sandigital.ch\/produit\/johanniskraut\/"},"modified":"2025-03-07T21:52:56","modified_gmt":"2025-03-07T21:52:56","slug":"johanniskraut","status":"publish","type":"product","link":"https:\/\/rootoil.ch\/de\/produit\/johanniskraut\/","title":{"rendered":"Johanniskraut"},"content":{"rendered":"<p>Er wird zur Beruhigung und Entspannung verwendet und bek\u00e4mpft Infektionen und Entz\u00fcndungen der Gyn\u00e4kologie, der Harnwege und des Verdauungstraktes. Auf der Haut soll es helfen, Sonnenbrand, Juckreiz und kleine Wunden zu lindern. Er wird gegen Neuralgien und rheumatische Schmerzen verwendet.<\/p>\n<p>Ratschl\u00e4ge zur Verwendung in der Aromatherapie<\/p>\n<p>Massage :<\/p>\n<p>3 Tropfen in einem Essl\u00f6ffel Pflanzen\u00f6l f\u00fcr eine Massage der Haut und der Muskeln.<br \/>\n  Mundwasser :  <\/p>\n<p>  1 Tropfen auf Salz, verd\u00fcnnt in einem Glas warmen Wassers, als Mundwasser zur Unterst\u00fctzung der Heilung bei starker Aphtose.<\/p>\n<p>Verabreichungswege in der Aromatherapie<\/p>\n<p>Innere Anwendung: ja, nur f\u00fcr Spezialisten, auf Rezept.<br \/>\nDermale Anwendung: ja (Sie sollten eine maximale Konzentration von 20% in einem pflanzlichen \u00d6l nicht \u00fcberschreiten). Achtung: Es kann reizend sein, daher sollte immer ein Toleranztest in der inneren Ellenbeuge durchgef\u00fchrt werden.<br \/>\nDiffusion: nein<br \/>\nInhalation: nein<\/p>\n","protected":false},"excerpt":{"rendered":"<p>Johanniskraut ist eine gelb bl\u00fchende Pflanze aus der Familie der Hypericaceae. Die \u00c4rzte im antiken Griechenland verwendeten ihn f\u00fcr medizinische Zwecke. Im Mittelalter wurde geschrieben, dass &#8222;es nicht m\u00f6glich ist, in anderen L\u00e4ndern eine bessere Pflanze zur Behandlung von Wunden zu finden&#8220;.<\/p>\n<p>\u00c4therisches Johanniskraut\u00f6l und Johanniskrautmazerat sind nicht zu verwechseln, da sie unterschiedliche Verwendungszwecke haben. \u00c4therisches Johanniskraut\u00f6l ist daf\u00fcr bekannt, dass es bei Entz\u00fcndungen der Schleimh\u00e4ute hilft, antiseptisch und schmerzlindernd wirkt.<\/p>\n","protected":false},"featured_media":1693,"comment_status":"open","ping_status":"closed","template":"","meta":{"_acf_changed":false},"product_brand":[],"product_cat":[45],"product_tag":[],"class_list":{"0":"post-1778","1":"product","2":"type-product","3":"status-publish","4":"has-post-thumbnail","6":"product_cat-atherische-ole","8":"first","9":"instock","10":"shipping-taxable","11":"purchasable","12":"product-type-variable","13":"has-default-attributes"},"acf":[],"aioseo_notices":[],"_links":{"self":[{"href":"https:\/\/rootoil.ch\/de\/wp-json\/wp\/v2\/product\/1778","targetHints":{"allow":["GET"]}}],"collection":[{"href":"https:\/\/rootoil.ch\/de\/wp-json\/wp\/v2\/product"}],"about":[{"href":"https:\/\/rootoil.ch\/de\/wp-json\/wp\/v2\/types\/product"}],"replies":[{"embeddable":true,"href":"https:\/\/rootoil.ch\/de\/wp-json\/wp\/v2\/comments?post=1778"}],"wp:featuredmedia":[{"embeddable":true,"href":"https:\/\/rootoil.ch\/de\/wp-json\/wp\/v2\/media\/1693"}],"wp:attachment":[{"href":"https:\/\/rootoil.ch\/de\/wp-json\/wp\/v2\/media?parent=1778"}],"wp:term":[{"taxonomy":"product_brand","embeddable":true,"href":"https:\/\/rootoil.ch\/de\/wp-json\/wp\/v2\/product_brand?post=1778"},{"taxonomy":"product_cat","embeddable":true,"href":"https:\/\/rootoil.ch\/de\/wp-json\/wp\/v2\/product_cat?post=1778"},{"taxonomy":"product_tag","embeddable":true,"href":"https:\/\/rootoil.ch\/de\/wp-json\/wp\/v2\/product_tag?post=1778"}],"curies":[{"name":"wp","href":"https:\/\/api.w.org\/{rel}","templated":true}]}}