{"id":1789,"date":"2025-03-11T14:26:09","date_gmt":"2025-03-11T14:26:09","guid":{"rendered":"https:\/\/rootoil.sandigital.ch\/produit\/monarda-hydrolat\/"},"modified":"2025-03-11T14:26:09","modified_gmt":"2025-03-11T14:26:09","slug":"monarda-hydrolat","status":"publish","type":"product","link":"https:\/\/rootoil.ch\/de\/produit\/monarda-hydrolat\/","title":{"rendered":"Monarda-Hydrolat"},"content":{"rendered":"","protected":false},"excerpt":{"rendered":"<p class=\"p1\">Das Monarda-Hydrolat ist ein nat\u00fcrliches Reinigungsmittel mit beruhigenden und ausgleichenden Eigenschaften. Es ist ideal f\u00fcr empfindliche und zu Unreinheiten neigende Haut, hilft R\u00f6tungen zu beruhigen und revitalisiert die Epidermis. Sein frisches, leicht w\u00fcrziges Aroma macht ihn zu einem wertvollen Verb\u00fcndeten bei der Hautpflege und in entspannten Momenten.  <\/p>\n","protected":false},"featured_media":1758,"comment_status":"open","ping_status":"closed","template":"","meta":{"_acf_changed":false},"product_brand":[],"product_cat":[46],"product_tag":[],"class_list":{"0":"post-1789","1":"product","2":"type-product","3":"status-publish","4":"has-post-thumbnail","6":"product_cat-hydrolate","8":"first","9":"instock","10":"shipping-taxable","11":"purchasable","12":"product-type-simple"},"acf":[],"aioseo_notices":[],"_links":{"self":[{"href":"https:\/\/rootoil.ch\/de\/wp-json\/wp\/v2\/product\/1789","targetHints":{"allow":["GET"]}}],"collection":[{"href":"https:\/\/rootoil.ch\/de\/wp-json\/wp\/v2\/product"}],"about":[{"href":"https:\/\/rootoil.ch\/de\/wp-json\/wp\/v2\/types\/product"}],"replies":[{"embeddable":true,"href":"https:\/\/rootoil.ch\/de\/wp-json\/wp\/v2\/comments?post=1789"}],"wp:featuredmedia":[{"embeddable":true,"href":"https:\/\/rootoil.ch\/de\/wp-json\/wp\/v2\/media\/1758"}],"wp:attachment":[{"href":"https:\/\/rootoil.ch\/de\/wp-json\/wp\/v2\/media?parent=1789"}],"wp:term":[{"taxonomy":"product_brand","embeddable":true,"href":"https:\/\/rootoil.ch\/de\/wp-json\/wp\/v2\/product_brand?post=1789"},{"taxonomy":"product_cat","embeddable":true,"href":"https:\/\/rootoil.ch\/de\/wp-json\/wp\/v2\/product_cat?post=1789"},{"taxonomy":"product_tag","embeddable":true,"href":"https:\/\/rootoil.ch\/de\/wp-json\/wp\/v2\/product_tag?post=1789"}],"curies":[{"name":"wp","href":"https:\/\/api.w.org\/{rel}","templated":true}]}}