{"id":1792,"date":"2025-03-11T14:23:52","date_gmt":"2025-03-11T14:23:52","guid":{"rendered":"https:\/\/rootoil.sandigital.ch\/produit\/hydrolat-weisstanne\/"},"modified":"2025-03-11T14:23:52","modified_gmt":"2025-03-11T14:23:52","slug":"hydrolat-weisstanne","status":"publish","type":"product","link":"https:\/\/rootoil.ch\/de\/produit\/hydrolat-weisstanne\/","title":{"rendered":"Hydrolat Wei\u00dftanne"},"content":{"rendered":"","protected":false},"excerpt":{"rendered":"<p class=\"p1\">Wei\u00dftannenhydrolat ist ein nat\u00fcrliches Tonikum mit reinigenden und erfrischenden Eigenschaften. Es wird f\u00fcr seine belebende Wirkung auf Haut und Geist gesch\u00e4tzt und hilft, die Haut zu revitalisieren und ein Gef\u00fchl des Wohlbefindens zu f\u00f6rdern. Sein frisches, holziges Aroma macht ihn zu einem idealen Verb\u00fcndeten f\u00fcr die Hautpflege und f\u00fcr Momente der tiefen Atmung.  <\/p>\n","protected":false},"featured_media":1751,"comment_status":"open","ping_status":"closed","template":"","meta":{"_acf_changed":false},"product_brand":[],"product_cat":[46],"product_tag":[],"class_list":{"0":"post-1792","1":"product","2":"type-product","3":"status-publish","4":"has-post-thumbnail","6":"product_cat-hydrolate","8":"first","9":"instock","10":"shipping-taxable","11":"purchasable","12":"product-type-simple"},"acf":[],"aioseo_notices":[],"_links":{"self":[{"href":"https:\/\/rootoil.ch\/de\/wp-json\/wp\/v2\/product\/1792","targetHints":{"allow":["GET"]}}],"collection":[{"href":"https:\/\/rootoil.ch\/de\/wp-json\/wp\/v2\/product"}],"about":[{"href":"https:\/\/rootoil.ch\/de\/wp-json\/wp\/v2\/types\/product"}],"replies":[{"embeddable":true,"href":"https:\/\/rootoil.ch\/de\/wp-json\/wp\/v2\/comments?post=1792"}],"wp:featuredmedia":[{"embeddable":true,"href":"https:\/\/rootoil.ch\/de\/wp-json\/wp\/v2\/media\/1751"}],"wp:attachment":[{"href":"https:\/\/rootoil.ch\/de\/wp-json\/wp\/v2\/media?parent=1792"}],"wp:term":[{"taxonomy":"product_brand","embeddable":true,"href":"https:\/\/rootoil.ch\/de\/wp-json\/wp\/v2\/product_brand?post=1792"},{"taxonomy":"product_cat","embeddable":true,"href":"https:\/\/rootoil.ch\/de\/wp-json\/wp\/v2\/product_cat?post=1792"},{"taxonomy":"product_tag","embeddable":true,"href":"https:\/\/rootoil.ch\/de\/wp-json\/wp\/v2\/product_tag?post=1792"}],"curies":[{"name":"wp","href":"https:\/\/api.w.org\/{rel}","templated":true}]}}