{"id":1794,"date":"2025-03-11T14:27:07","date_gmt":"2025-03-11T14:27:07","guid":{"rendered":"https:\/\/rootoil.sandigital.ch\/produit\/hydrolat-von-roemischer-kamille\/"},"modified":"2025-03-11T14:27:07","modified_gmt":"2025-03-11T14:27:07","slug":"hydrolat-von-roemischer-kamille","status":"publish","type":"product","link":"https:\/\/rootoil.ch\/de\/produit\/hydrolat-von-roemischer-kamille\/","title":{"rendered":"Hydrolat von r\u00f6mischer Kamille"},"content":{"rendered":"","protected":false},"excerpt":{"rendered":"<p class=\"p1\">Das Hydrolat der r\u00f6mischen Kamille ist ein nat\u00fcrliches Beruhigungsmittel, das f\u00fcr die Beruhigung empfindlicher und reaktiver Haut bekannt ist. Es ist ideal, um R\u00f6tungen und Irritationen zu lindern und hilft auch, Entspannung und Wohlbefinden zu f\u00f6rdern. Sein sanftes, blumiges Aroma macht es zu einem wertvollen Verb\u00fcndeten bei der Gesichtspflege und bei Entspannungsritualen.  <\/p>\n","protected":false},"featured_media":1761,"comment_status":"open","ping_status":"closed","template":"","meta":{"_acf_changed":false},"product_brand":[],"product_cat":[46],"product_tag":[],"class_list":{"0":"post-1794","1":"product","2":"type-product","3":"status-publish","4":"has-post-thumbnail","6":"product_cat-hydrolate","8":"first","9":"instock","10":"shipping-taxable","11":"purchasable","12":"product-type-simple"},"acf":[],"aioseo_notices":[],"_links":{"self":[{"href":"https:\/\/rootoil.ch\/de\/wp-json\/wp\/v2\/product\/1794","targetHints":{"allow":["GET"]}}],"collection":[{"href":"https:\/\/rootoil.ch\/de\/wp-json\/wp\/v2\/product"}],"about":[{"href":"https:\/\/rootoil.ch\/de\/wp-json\/wp\/v2\/types\/product"}],"replies":[{"embeddable":true,"href":"https:\/\/rootoil.ch\/de\/wp-json\/wp\/v2\/comments?post=1794"}],"wp:featuredmedia":[{"embeddable":true,"href":"https:\/\/rootoil.ch\/de\/wp-json\/wp\/v2\/media\/1761"}],"wp:attachment":[{"href":"https:\/\/rootoil.ch\/de\/wp-json\/wp\/v2\/media?parent=1794"}],"wp:term":[{"taxonomy":"product_brand","embeddable":true,"href":"https:\/\/rootoil.ch\/de\/wp-json\/wp\/v2\/product_brand?post=1794"},{"taxonomy":"product_cat","embeddable":true,"href":"https:\/\/rootoil.ch\/de\/wp-json\/wp\/v2\/product_cat?post=1794"},{"taxonomy":"product_tag","embeddable":true,"href":"https:\/\/rootoil.ch\/de\/wp-json\/wp\/v2\/product_tag?post=1794"}],"curies":[{"name":"wp","href":"https:\/\/api.w.org\/{rel}","templated":true}]}}