{"id":550,"date":"2025-02-14T08:17:35","date_gmt":"2025-02-14T08:17:35","guid":{"rendered":"https:\/\/rootoil.sandigital.ch\/produit\/hanf\/"},"modified":"2025-02-16T13:29:23","modified_gmt":"2025-02-16T13:29:23","slug":"hanf","status":"publish","type":"product","link":"https:\/\/rootoil.ch\/de\/produit\/hanf\/","title":{"rendered":"Hanf"},"content":{"rendered":"<p><em>Die folgenden Texte, bekannten Eigenschaften in der Aromatherapie, Empfehlungen zur Verwendung in der Aromatherapie und Verabreichungswege in der Aromatherapie sind allgemeine Informationen aus Bibliographien im Umfeld der \u00e4therischen \u00d6le und der Aromatherapie.<\/em><\/p>\n","protected":false},"excerpt":{"rendered":"<p>Dieses \u00e4therische Hanf\u00f6l BIO wird aus in Frankreich angebautem und handwerklich destilliertem Hanf gewonnen und ist ideal zur F\u00f6rderung des allgemeinen Wohlbefindens. Er ist f\u00fcr seine beruhigenden und entspannenden Eigenschaften bekannt und wird auch zur F\u00f6rderung des Komforts von Gelenken und Muskeln sowie f\u00fcr seine reinigenden Eigenschaften gesch\u00e4tzt. Sein Geruch ist ein Genuss f\u00fcr die Sinne!<\/p>\n","protected":false},"featured_media":542,"comment_status":"open","ping_status":"closed","template":"","meta":{"_acf_changed":false},"product_brand":[],"product_cat":[45],"product_tag":[],"class_list":{"0":"post-550","1":"product","2":"type-product","3":"status-publish","4":"has-post-thumbnail","6":"product_cat-atherische-ole","8":"first","9":"instock","10":"shipping-taxable","11":"purchasable","12":"product-type-variable","13":"has-default-attributes"},"acf":[],"aioseo_notices":[],"_links":{"self":[{"href":"https:\/\/rootoil.ch\/de\/wp-json\/wp\/v2\/product\/550","targetHints":{"allow":["GET"]}}],"collection":[{"href":"https:\/\/rootoil.ch\/de\/wp-json\/wp\/v2\/product"}],"about":[{"href":"https:\/\/rootoil.ch\/de\/wp-json\/wp\/v2\/types\/product"}],"replies":[{"embeddable":true,"href":"https:\/\/rootoil.ch\/de\/wp-json\/wp\/v2\/comments?post=550"}],"wp:featuredmedia":[{"embeddable":true,"href":"https:\/\/rootoil.ch\/de\/wp-json\/wp\/v2\/media\/542"}],"wp:attachment":[{"href":"https:\/\/rootoil.ch\/de\/wp-json\/wp\/v2\/media?parent=550"}],"wp:term":[{"taxonomy":"product_brand","embeddable":true,"href":"https:\/\/rootoil.ch\/de\/wp-json\/wp\/v2\/product_brand?post=550"},{"taxonomy":"product_cat","embeddable":true,"href":"https:\/\/rootoil.ch\/de\/wp-json\/wp\/v2\/product_cat?post=550"},{"taxonomy":"product_tag","embeddable":true,"href":"https:\/\/rootoil.ch\/de\/wp-json\/wp\/v2\/product_tag?post=550"}],"curies":[{"name":"wp","href":"https:\/\/api.w.org\/{rel}","templated":true}]}}