{"id":603,"date":"2025-02-16T13:53:02","date_gmt":"2025-02-16T13:53:02","guid":{"rendered":"https:\/\/rootoil.sandigital.ch\/produit\/amyris-holz\/"},"modified":"2025-02-16T13:53:02","modified_gmt":"2025-02-16T13:53:02","slug":"amyris-holz","status":"publish","type":"product","link":"https:\/\/rootoil.ch\/de\/produit\/amyris-holz\/","title":{"rendered":"Amyris Holz"},"content":{"rendered":"<p><em>Tipps zur Verwendung in der Aromatherapie<\/em><\/p>\n<p><strong>Diffusion f\u00fcr eine entspannende Synergie:<\/strong> 4 Tropfen \u00e4therisches Amyris\u00f6l und 3 Tropfen \u00e4therisches Ravintsara\u00f6l in einem elektrischen Diffusor, um zu entspannen, sich zu beruhigen und positive Energien zu f\u00f6rdern (5 bis 10 Minuten\/Stunde).<\/p>\n<p><strong>Bad:<\/strong> Einige Tropfen in einem pflanzlichen \u00d6l im Bad f\u00fcr einen Moment der Entspannung oder zur Massage von schweren Beinen (immer von den F\u00fc\u00dfen bis zu den Knien).<\/p>\n<p><strong>Massage:<\/strong> Einige Tropfen in einem pflanzlichen \u00d6l, zur Massage von Krampfadern und schweren Beinen. Sie k\u00f6nnen auch 3 Tropfen \u00e4therisches Amyris\u00f6l und 1 Tropfen \u00e4therisches Pfefferminz\u00f6l in einem Essl\u00f6ffel pflanzlichem Calophyllum\u00f6l mischen und damit die Kn\u00f6chel bis zu den Knien massieren. Diese Massage kann 1- bis 2-mal t\u00e4glich bei einem Gef\u00fchl schwerer Beine durchgef\u00fchrt werden.<\/p>\n<p>&nbsp;<\/p>\n<p><em>Verabreichungswege in der Aromatherapie<\/em><\/p>\n<p><strong>Innerer Weg:<\/strong> nein<br \/>\n<strong>Dermal:<\/strong> ja (eine maximale Konzentration von 20% sollte nicht \u00fcberschritten werden, wenn sie in einem pflanzlichen \u00d6l verd\u00fcnnt wird)<br \/>\n<strong>Ausstrahlung:<\/strong> ja<br \/>\n<strong>Einatmen:<\/strong> nein<\/p>\n","protected":false},"excerpt":{"rendered":"<p>Amyris wird auch als &#8222;westindisches Sandelholz&#8220; oder &#8222;Kerzenholz&#8220; bezeichnet, da das Holz einen hohen \u00d6lgehalt hat, der die Verbrennung beg\u00fcnstigt. Sein intensiver Duft mit holzigen Noten kann an wei\u00dfen Sandelholz (Santalum album, obwohl die beiden Pflanzen nicht zur selben Familie geh\u00f6ren) oder Weihrauch erinnern. Es wird in der Kosmetik, in Parf\u00fcms oder Eau de Toilette verwendet.  <\/p>\n","protected":false},"featured_media":598,"comment_status":"open","ping_status":"closed","template":"","meta":{"_acf_changed":false},"product_brand":[],"product_cat":[45],"product_tag":[],"class_list":{"0":"post-603","1":"product","2":"type-product","3":"status-publish","4":"has-post-thumbnail","6":"product_cat-atherische-ole","8":"first","9":"instock","10":"shipping-taxable","11":"purchasable","12":"product-type-variable","13":"has-default-attributes"},"acf":[],"aioseo_notices":[],"_links":{"self":[{"href":"https:\/\/rootoil.ch\/de\/wp-json\/wp\/v2\/product\/603","targetHints":{"allow":["GET"]}}],"collection":[{"href":"https:\/\/rootoil.ch\/de\/wp-json\/wp\/v2\/product"}],"about":[{"href":"https:\/\/rootoil.ch\/de\/wp-json\/wp\/v2\/types\/product"}],"replies":[{"embeddable":true,"href":"https:\/\/rootoil.ch\/de\/wp-json\/wp\/v2\/comments?post=603"}],"wp:featuredmedia":[{"embeddable":true,"href":"https:\/\/rootoil.ch\/de\/wp-json\/wp\/v2\/media\/598"}],"wp:attachment":[{"href":"https:\/\/rootoil.ch\/de\/wp-json\/wp\/v2\/media?parent=603"}],"wp:term":[{"taxonomy":"product_brand","embeddable":true,"href":"https:\/\/rootoil.ch\/de\/wp-json\/wp\/v2\/product_brand?post=603"},{"taxonomy":"product_cat","embeddable":true,"href":"https:\/\/rootoil.ch\/de\/wp-json\/wp\/v2\/product_cat?post=603"},{"taxonomy":"product_tag","embeddable":true,"href":"https:\/\/rootoil.ch\/de\/wp-json\/wp\/v2\/product_tag?post=603"}],"curies":[{"name":"wp","href":"https:\/\/api.w.org\/{rel}","templated":true}]}}