{"id":616,"date":"2025-02-17T20:51:40","date_gmt":"2025-02-17T20:51:40","guid":{"rendered":"https:\/\/rootoil.sandigital.ch\/produit\/dillsamen\/"},"modified":"2025-02-17T20:51:40","modified_gmt":"2025-02-17T20:51:40","slug":"dillsamen","status":"publish","type":"product","link":"https:\/\/rootoil.ch\/de\/produit\/dillsamen\/","title":{"rendered":"Dillsamen"},"content":{"rendered":"<p>Er ist bekannt f\u00fcr seine abschwellende und blutverd\u00fcnnende Wirkung, aber auch f\u00fcr seine Unterst\u00fctzung der Verdauung, die Beseitigung von Gasen und damit von Bl\u00e4hungen nach den Mahlzeiten oder von Bauchschmerzen.  <\/p>\n<p>\u00c4therisches Dill\u00f6l ist wie jedes andere \u00e4therische \u00d6l mit Vorsicht zu verwenden.<\/p>\n<p>Tipps zur Verwendung in der Aromatherapie<\/p>\n<p>Pflege: 1 Tropfen \u00e4therisches Bio-\u00d6l auf einem Zuckerw\u00fcrfel gegen Schluckauf oder zur Erleichterung der Verdauung vor dem Essen.<\/p>\n<p>M\u00fcdigkeit: 1 Tropfen \u00e4therisches Bio-\u00d6l auf einer neutralen Tablette oder einem Brotkrumenb\u00e4llchen am Morgen, um gegen M\u00fcdigkeit zu wirken.<br \/>\nK\u00fcche: Kann in der K\u00fcche verwendet werden (immer in kleinen Mengen, wie alle \u00e4therischen \u00d6le!). Beachten Sie die Angaben in Ihren Rezepten).<\/p>\n<p>Verabreichungswege in der Aromatherapie<\/p>\n<p>Innere Anwendung: ja<br \/>\n\u00dcber die Haut: ja (eine maximale Konzentration von 10% verd\u00fcnnt in einem Pflanzen\u00f6l sollte nicht \u00fcberschritten werden)<br \/>\nDiffusion: nein<br \/>\nInhalation: nein  <\/p>\n","protected":false},"excerpt":{"rendered":"<p>Dill ist eine aromatische Pflanze aus der Familie der Apiaceae, die f\u00fcr ihre schmackhafte Kombination mit Lachs und anderen Fischen sowie f\u00fcr ihren Anisgeruch bekannt ist! Er wird manchmal mit Fenchel verwechselt. Aus der Pflanze Anethum graveolens oder &#8222;Indischer Dill&#8220; (nicht die Sorte Sowa, die weniger Phenole enth\u00e4lt) wird \u00e4therisches Dill\u00f6l gewonnen, das zahlreiche Vorteile bietet und vielseitig verwendet werden kann. Dieses \u00d6l wird durch vollst\u00e4ndige Wasserdampfdestillation der gesamten Pflanze gewonnen.<\/p>\n","protected":false},"featured_media":610,"comment_status":"open","ping_status":"closed","template":"","meta":{"_acf_changed":false},"product_brand":[],"product_cat":[45],"product_tag":[],"class_list":{"0":"post-616","1":"product","2":"type-product","3":"status-publish","4":"has-post-thumbnail","6":"product_cat-atherische-ole","8":"first","9":"instock","10":"shipping-taxable","11":"purchasable","12":"product-type-variable","13":"has-default-attributes"},"acf":[],"aioseo_notices":[],"_links":{"self":[{"href":"https:\/\/rootoil.ch\/de\/wp-json\/wp\/v2\/product\/616","targetHints":{"allow":["GET"]}}],"collection":[{"href":"https:\/\/rootoil.ch\/de\/wp-json\/wp\/v2\/product"}],"about":[{"href":"https:\/\/rootoil.ch\/de\/wp-json\/wp\/v2\/types\/product"}],"replies":[{"embeddable":true,"href":"https:\/\/rootoil.ch\/de\/wp-json\/wp\/v2\/comments?post=616"}],"wp:featuredmedia":[{"embeddable":true,"href":"https:\/\/rootoil.ch\/de\/wp-json\/wp\/v2\/media\/610"}],"wp:attachment":[{"href":"https:\/\/rootoil.ch\/de\/wp-json\/wp\/v2\/media?parent=616"}],"wp:term":[{"taxonomy":"product_brand","embeddable":true,"href":"https:\/\/rootoil.ch\/de\/wp-json\/wp\/v2\/product_brand?post=616"},{"taxonomy":"product_cat","embeddable":true,"href":"https:\/\/rootoil.ch\/de\/wp-json\/wp\/v2\/product_cat?post=616"},{"taxonomy":"product_tag","embeddable":true,"href":"https:\/\/rootoil.ch\/de\/wp-json\/wp\/v2\/product_tag?post=616"}],"curies":[{"name":"wp","href":"https:\/\/api.w.org\/{rel}","templated":true}]}}