{"id":628,"date":"2025-02-17T20:55:01","date_gmt":"2025-02-17T20:55:01","guid":{"rendered":"https:\/\/rootoil.sandigital.ch\/produit\/sternanis\/"},"modified":"2025-02-17T20:55:01","modified_gmt":"2025-02-17T20:55:01","slug":"sternanis","status":"publish","type":"product","link":"https:\/\/rootoil.ch\/de\/produit\/sternanis\/","title":{"rendered":"Sternanis"},"content":{"rendered":"<p>Hinweise zur Anwendung in der Aromatherapie<\/p>\n<p>Massage: Einige Tropfen in einem pflanzlichen \u00d6l zur Massage des unteren R\u00fcckens bei Menstruationsschmerzen oder des Bauches bei Verdauungsst\u00f6rungen.<\/p>\n<p>Verabreichungswege in der Aromatherapie<\/p>\n<p>Innerliche Anwendung: nein<br \/>\nHaut: mit einem Pflanzen\u00f6l verd\u00fcnnen<br \/>\nDiffusion: nein<br \/>\nInhalation: nein<\/p>\n","protected":false},"excerpt":{"rendered":"<p>Das \u00e4therische \u00d6l von Anis erinnert an einen bekannten Duft, da er in Zahnpasta zu finden ist!<\/p>\n<p>Es wird haupts\u00e4chlich als Massage in einem Pflanzen\u00f6l verwendet und hilft im Allgemeinen bei Menstruationsschmerzen, Hitzewallungen, Verdauungsproblemen wie Bl\u00e4hungen, Aerophagie, Erbrechen, Kolitis und Koliken. Es kann euphorisierend und sogar aphrodisierend wirken und sollte daher mit Vorsicht verwendet werden.<\/p>\n","protected":false},"featured_media":622,"comment_status":"open","ping_status":"closed","template":"","meta":{"_acf_changed":false},"product_brand":[],"product_cat":[45],"product_tag":[],"class_list":{"0":"post-628","1":"product","2":"type-product","3":"status-publish","4":"has-post-thumbnail","6":"product_cat-atherische-ole","8":"first","9":"instock","10":"shipping-taxable","11":"purchasable","12":"product-type-variable","13":"has-default-attributes"},"acf":[],"aioseo_notices":[],"_links":{"self":[{"href":"https:\/\/rootoil.ch\/de\/wp-json\/wp\/v2\/product\/628","targetHints":{"allow":["GET"]}}],"collection":[{"href":"https:\/\/rootoil.ch\/de\/wp-json\/wp\/v2\/product"}],"about":[{"href":"https:\/\/rootoil.ch\/de\/wp-json\/wp\/v2\/types\/product"}],"replies":[{"embeddable":true,"href":"https:\/\/rootoil.ch\/de\/wp-json\/wp\/v2\/comments?post=628"}],"wp:featuredmedia":[{"embeddable":true,"href":"https:\/\/rootoil.ch\/de\/wp-json\/wp\/v2\/media\/622"}],"wp:attachment":[{"href":"https:\/\/rootoil.ch\/de\/wp-json\/wp\/v2\/media?parent=628"}],"wp:term":[{"taxonomy":"product_brand","embeddable":true,"href":"https:\/\/rootoil.ch\/de\/wp-json\/wp\/v2\/product_brand?post=628"},{"taxonomy":"product_cat","embeddable":true,"href":"https:\/\/rootoil.ch\/de\/wp-json\/wp\/v2\/product_cat?post=628"},{"taxonomy":"product_tag","embeddable":true,"href":"https:\/\/rootoil.ch\/de\/wp-json\/wp\/v2\/product_tag?post=628"}],"curies":[{"name":"wp","href":"https:\/\/api.w.org\/{rel}","templated":true}]}}