{"id":676,"date":"2025-02-17T21:04:58","date_gmt":"2025-02-17T21:04:58","guid":{"rendered":"https:\/\/rootoil.sandigital.ch\/produit\/bergamotte\/"},"modified":"2025-02-17T21:04:58","modified_gmt":"2025-02-17T21:04:58","slug":"bergamotte","status":"publish","type":"product","link":"https:\/\/rootoil.ch\/de\/produit\/bergamotte\/","title":{"rendered":"Bergamotte"},"content":{"rendered":"<p>\u00c4therisches Bergamotte\u00f6l hat \u00e4hnliche Eigenschaften wie andere \u00e4therische \u00d6le von Zitrusfr\u00fcchten. Er ist bekannt f\u00fcr seine verdauungsf\u00f6rdernden Eigenschaften: krampfl\u00f6send, karminativ, abf\u00fchrend, aber auch f\u00fcr seine beruhigenden Eigenschaften: schlaff\u00f6rdernd, beruhigend und ausgleichend.<\/p>\n<p>Die Frucht ist sehr sauer, eine Zitrusfrucht und ihr \u00d6l ist daher photosensibilisierend. Dieses \u00d6l ist als antibakteriell, antiseptisch und hautregenerierend bekannt und wird bei Verdauungsst\u00f6rungen verwendet.  <\/p>\n<p>Tipps zur Verwendung in der Aromatherapie<\/p>\n<p>Diffusion: Einige Tropfen in Ihrem Diffusor, um die Luft in Ihrem Haus zu reinigen (5 bis 10 Minuten\/Stunde) oder wegen seiner beruhigenden Eigenschaften.  <\/p>\n<p>Pflege :<\/p>\n<p>10 Tropfen in 10ml 70%igem Alkohol als Massage unter den Achseln oder auf den F\u00fc\u00dfen gegen Schwei\u00df. Sie k\u00f6nnen es auch mit Pflanzen\u00f6l wie Jojoba mischen.<br \/>\n1 Tropfen in einem Glas Wasser zum Gurgeln (nicht schlucken), um einen angenehmen Atem zu erhalten.<br \/>\n2 Tropfen in Ihrem Shampoo gegen fettiges Haar. Sie m\u00fcssen darauf achten, dass Sie nicht in die Augen gelangen.<br \/>\nInhalation: 2 Tropfen auf einem Taschentuch zum Einatmen, um Hei\u00dfhunger zu bek\u00e4mpfen.  <\/p>\n<p>Massage :<\/p>\n<p>4 Tropfen Bergamotte und 4 Tropfen echter Lavendel in 20 ml pflanzlichem Wildrosen\u00f6l als Massage gegen Dehnungsstreifen.<br \/>\n4 Tropfen in 20 ml pflanzlichem \u00d6l als Massage auf dem Bauch, um die Verdauung zu unterst\u00fctzen. Im Uhrzeigersinn einmassieren.  <\/p>\n<p>Verabreichungswege in der Aromatherapie<\/p>\n<p>Innere Anwendung: ja (dies sollte eine Behandlung von mehr als 5 Tagen nicht \u00fcberschreiten)<br \/>\nHaut: mit einem pflanzlichen \u00d6l verd\u00fcnnen (eine Konzentration von maximal 20% sollte nicht \u00fcberschritten werden)<br \/>\nDiffusion: ja<br \/>\nInhalation: ja<\/p>\n","protected":false},"excerpt":{"rendered":"<p>Bergamotte ist eine Kreuzung zwischen einer Bitterorange und einer Limone. Die Schale der Bergamotte wird zum Aromatisieren des ber\u00fchmten Earl Grey Tees verwendet. Das \u00e4therische \u00d6l wird aus der Schale gewonnen. F\u00fcr 500 g \u00e4therisches \u00d6l werden etwa 100 kg ben\u00f6tigt.<\/p>\n","protected":false},"featured_media":671,"comment_status":"open","ping_status":"closed","template":"","meta":{"_acf_changed":false},"product_brand":[],"product_cat":[45],"product_tag":[],"class_list":{"0":"post-676","1":"product","2":"type-product","3":"status-publish","4":"has-post-thumbnail","6":"product_cat-atherische-ole","8":"first","9":"instock","10":"shipping-taxable","11":"purchasable","12":"product-type-variable","13":"has-default-attributes"},"acf":[],"aioseo_notices":[],"_links":{"self":[{"href":"https:\/\/rootoil.ch\/de\/wp-json\/wp\/v2\/product\/676","targetHints":{"allow":["GET"]}}],"collection":[{"href":"https:\/\/rootoil.ch\/de\/wp-json\/wp\/v2\/product"}],"about":[{"href":"https:\/\/rootoil.ch\/de\/wp-json\/wp\/v2\/types\/product"}],"replies":[{"embeddable":true,"href":"https:\/\/rootoil.ch\/de\/wp-json\/wp\/v2\/comments?post=676"}],"wp:featuredmedia":[{"embeddable":true,"href":"https:\/\/rootoil.ch\/de\/wp-json\/wp\/v2\/media\/671"}],"wp:attachment":[{"href":"https:\/\/rootoil.ch\/de\/wp-json\/wp\/v2\/media?parent=676"}],"wp:term":[{"taxonomy":"product_brand","embeddable":true,"href":"https:\/\/rootoil.ch\/de\/wp-json\/wp\/v2\/product_brand?post=676"},{"taxonomy":"product_cat","embeddable":true,"href":"https:\/\/rootoil.ch\/de\/wp-json\/wp\/v2\/product_cat?post=676"},{"taxonomy":"product_tag","embeddable":true,"href":"https:\/\/rootoil.ch\/de\/wp-json\/wp\/v2\/product_tag?post=676"}],"curies":[{"name":"wp","href":"https:\/\/api.w.org\/{rel}","templated":true}]}}