{"id":737,"date":"2025-02-18T22:18:46","date_gmt":"2025-02-18T22:18:46","guid":{"rendered":"https:\/\/rootoil.sandigital.ch\/produit\/cajeput\/"},"modified":"2025-02-18T22:18:46","modified_gmt":"2025-02-18T22:18:46","slug":"cajeput","status":"publish","type":"product","link":"https:\/\/rootoil.ch\/de\/produit\/cajeput\/","title":{"rendered":"Cajeput"},"content":{"rendered":"<p>Das \u00e4therische Cajeput\u00f6l ist f\u00fcr seine zahlreichen antiseptischen Eigenschaften auf die Atemwege und den Verdauungstrakt bekannt. Es wird gegen bakterielle Infektionen und als antivirales Mittel verwendet. Au\u00dferdem verleiht er Ihnen Dynamik und Vitalit\u00e4t!  <\/p>\n<p>Tipps zur Verwendung in der Aromatherapie<\/p>\n<p>Diffusion: Einige Tropfen in einem elektrischen Diffusor f\u00fcr einige Minuten, um die Luft im Raum zu reinigen (5 bis 10 min\/h).<\/p>\n<p>Massage :  <\/p>\n<p>4 Tropfen in 10 ml Pflanzen\u00f6l f\u00fcr eine Massage auf dem Brustkorb bei Infektionen der Atemwege.<br \/>\n2 Tropfen in einem Teel\u00f6ffel Pflanzen\u00f6l zur Massage von Krampfadern oder H\u00e4morrhoiden.<br \/>\nInhalation: 4 Tropfen in einer Sch\u00fcssel mit warmem Wasser zur Inhalation.<\/p>\n<p>Verabreichungswege in der Aromatherapie<\/p>\n<p>Innerlich: ja<br \/>\n\u00dcber die Haut: ja (eine maximale Konzentration von 20% verd\u00fcnnt in einem pflanzlichen \u00d6l sollte nicht \u00fcberschritten werden)<br \/>\nDiffusion: ja<br \/>\nInhalation: ja<\/p>\n","protected":false},"excerpt":{"rendered":"<p>\u00c4therisches Cajeput\u00f6l stammt von einem Baum, der mit dem Teebaum (Maleleuca) verwandt ist. Er hat also einige gleichwertige Eigenschaften, wirkt aber zus\u00e4tzlich entspannend. Der Cajeputier ist ein Baum, der in Indien, Malaysia, Vietnam, Indonesien und Australien zu finden ist. Die Bl\u00e4tter werden dampfdestilliert, um das \u00e4therische \u00d6l von Cajeput zu gewinnen.<\/p>\n","protected":false},"featured_media":731,"comment_status":"open","ping_status":"closed","template":"","meta":{"_acf_changed":false},"product_brand":[],"product_cat":[45],"product_tag":[],"class_list":{"0":"post-737","1":"product","2":"type-product","3":"status-publish","4":"has-post-thumbnail","6":"product_cat-atherische-ole","8":"first","9":"instock","10":"shipping-taxable","11":"purchasable","12":"product-type-variable","13":"has-default-attributes"},"acf":[],"aioseo_notices":[],"_links":{"self":[{"href":"https:\/\/rootoil.ch\/de\/wp-json\/wp\/v2\/product\/737","targetHints":{"allow":["GET"]}}],"collection":[{"href":"https:\/\/rootoil.ch\/de\/wp-json\/wp\/v2\/product"}],"about":[{"href":"https:\/\/rootoil.ch\/de\/wp-json\/wp\/v2\/types\/product"}],"replies":[{"embeddable":true,"href":"https:\/\/rootoil.ch\/de\/wp-json\/wp\/v2\/comments?post=737"}],"wp:featuredmedia":[{"embeddable":true,"href":"https:\/\/rootoil.ch\/de\/wp-json\/wp\/v2\/media\/731"}],"wp:attachment":[{"href":"https:\/\/rootoil.ch\/de\/wp-json\/wp\/v2\/media?parent=737"}],"wp:term":[{"taxonomy":"product_brand","embeddable":true,"href":"https:\/\/rootoil.ch\/de\/wp-json\/wp\/v2\/product_brand?post=737"},{"taxonomy":"product_cat","embeddable":true,"href":"https:\/\/rootoil.ch\/de\/wp-json\/wp\/v2\/product_cat?post=737"},{"taxonomy":"product_tag","embeddable":true,"href":"https:\/\/rootoil.ch\/de\/wp-json\/wp\/v2\/product_tag?post=737"}],"curies":[{"name":"wp","href":"https:\/\/api.w.org\/{rel}","templated":true}]}}