{"id":782,"date":"2025-02-18T22:26:40","date_gmt":"2025-02-18T22:26:40","guid":{"rendered":"https:\/\/rootoil.sandigital.ch\/produit\/cassia-china-zimt\/"},"modified":"2025-02-18T22:26:40","modified_gmt":"2025-02-18T22:26:40","slug":"cassia-china-zimt","status":"publish","type":"product","link":"https:\/\/rootoil.ch\/de\/produit\/cassia-china-zimt\/","title":{"rendered":"Cassia\/China-Zimt"},"content":{"rendered":"<p>Es wird wegen seiner antiseptischen, antimykotischen, antiviralen, antibakteriellen, gerinnungshemmenden und insektiziden Eigenschaften verwendet. Es ist bekannt daf\u00fcr, dass es tonisierend wirkt, Energie zur\u00fcckgibt, die Libido und die Sinnlichkeit stimuliert und den K\u00f6rper w\u00e4rmt. Das \u00e4therische \u00d6l des chinesischen Zimts ist f\u00fcr seine antiinfekti\u00f6se Wirkung bekannt.  <\/p>\n<p>Tipps zur Verwendung in der Aromatherapie<\/p>\n<p>Pflege: 1 Tropfen auf eine Warze, ohne auf die gesunde Haut zu tropfen, bis sie verschwunden ist. Tragen Sie einen farblosen Lack um die Warze herum auf, um die gesunde Haut zu sch\u00fctzen.  <\/p>\n<p>Massage: 2 Tropfen in 20 ml Pflanzen\u00f6l f\u00fcr eine sinnliche Massage, wobei Sie die Schleimh\u00e4ute vermeiden sollten. Beg\u00fcnstigung des unteren R\u00fcckens.  <\/p>\n<p>Diffusion: 3 Tropfen in einem Diffusor mit einigen Tropfen \u00e4therischem S\u00fc\u00dforangen\u00f6l, um den Raum zu reinigen und seinen Duft angenehm zu machen. Nicht l\u00e4nger als 10 Minuten verbreiten lassen.<\/p>\n<p>Verabreichungswege in der Aromatherapie<\/p>\n<p>Innere Anwendung: ja<br \/>\nHaut: mit einem pflanzlichen \u00d6l verd\u00fcnnen (eine Konzentration von mehr als 5% in einem pflanzlichen \u00d6l darf nicht \u00fcberschritten werden)<br \/>\nDiffusion: ja, aber mit Vorsicht (in Anwesenheit von Erwachsenen darf das Mittel nicht l\u00e4nger als 10 Minuten angewendet werden). In Gegenwart von Kindern unter 12 Jahren verboten)<br \/>\nInhalation: nein  <\/p>\n","protected":false},"excerpt":{"rendered":"<p>\u00c4therisches \u00d6l aus chinesischem Zimt wird aus der Rinde des Zimts gewonnen. Sein Duft ist holzig und er hat einen sehr kr\u00e4ftigen, leicht s\u00fc\u00dfen Geschmack.<\/p>\n","protected":false},"featured_media":777,"comment_status":"open","ping_status":"closed","template":"","meta":{"_acf_changed":false},"product_brand":[],"product_cat":[45],"product_tag":[],"class_list":{"0":"post-782","1":"product","2":"type-product","3":"status-publish","4":"has-post-thumbnail","6":"product_cat-atherische-ole","8":"first","9":"instock","10":"shipping-taxable","11":"purchasable","12":"product-type-variable","13":"has-default-attributes"},"acf":[],"aioseo_notices":[],"_links":{"self":[{"href":"https:\/\/rootoil.ch\/de\/wp-json\/wp\/v2\/product\/782","targetHints":{"allow":["GET"]}}],"collection":[{"href":"https:\/\/rootoil.ch\/de\/wp-json\/wp\/v2\/product"}],"about":[{"href":"https:\/\/rootoil.ch\/de\/wp-json\/wp\/v2\/types\/product"}],"replies":[{"embeddable":true,"href":"https:\/\/rootoil.ch\/de\/wp-json\/wp\/v2\/comments?post=782"}],"wp:featuredmedia":[{"embeddable":true,"href":"https:\/\/rootoil.ch\/de\/wp-json\/wp\/v2\/media\/777"}],"wp:attachment":[{"href":"https:\/\/rootoil.ch\/de\/wp-json\/wp\/v2\/media?parent=782"}],"wp:term":[{"taxonomy":"product_brand","embeddable":true,"href":"https:\/\/rootoil.ch\/de\/wp-json\/wp\/v2\/product_brand?post=782"},{"taxonomy":"product_cat","embeddable":true,"href":"https:\/\/rootoil.ch\/de\/wp-json\/wp\/v2\/product_cat?post=782"},{"taxonomy":"product_tag","embeddable":true,"href":"https:\/\/rootoil.ch\/de\/wp-json\/wp\/v2\/product_tag?post=782"}],"curies":[{"name":"wp","href":"https:\/\/api.w.org\/{rel}","templated":true}]}}