{"id":910,"date":"2025-02-18T22:53:33","date_gmt":"2025-02-18T22:53:33","guid":{"rendered":"https:\/\/rootoil.sandigital.ch\/produit\/schwarze-fichte\/"},"modified":"2025-02-18T22:53:33","modified_gmt":"2025-02-18T22:53:33","slug":"schwarze-fichte","status":"publish","type":"product","link":"https:\/\/rootoil.ch\/de\/produit\/schwarze-fichte\/","title":{"rendered":"Schwarze Fichte"},"content":{"rendered":"<p>Er wird bei Erm\u00fcdungserscheinungen und Formschw\u00e4che verwendet, aber auch gegen Atemwegsinfektionen und Gelenkschmerzen dank seiner entz\u00fcndungshemmenden und antiseptischen Eigenschaften. In der Duftlampe hilft er, die Raumluft zu reinigen und neue Energie zu gewinnen.<\/p>\n<p>Tipps zur Verwendung in der Aromatherapie<\/p>\n<p>Diffusion: Einige Tropfen in einem elektrischen Diffusor f\u00fcr einige Minuten, um die Raumluft zu reinigen und ein belebendes Klima zu schaffen.<\/p>\n<p>Bad: 10 Tropfen in einer Handvoll Salz, die Sie in das Bad geben, um einen energiespendenden Moment zu erleben.<\/p>\n<p>  Massage: 3 Tropfen in 10 ml Pflanzen\u00f6l in die Handfl\u00e4che geben und auf den unteren R\u00fccken (Nebennierenrinde) einmassieren, um den Tonus wiederherzustellen,<\/p>\n<p>ODER 3 Tropfen in 10 ml Pflanzen\u00f6l als Massage auf die schmerzhaften Gelenkbereiche.<\/p>\n<p>Verabreichungswege in der Aromatherapie<\/p>\n<p>Innerlich: ja<br \/>\n\u00dcber die Haut: ja (eine maximale Konzentration von 10% verd\u00fcnnt in einem Pflanzen\u00f6l sollte nicht \u00fcberschritten werden)<br \/>\nDiffusion: ja<br \/>\nInhalation: nein  <\/p>\n","protected":false},"excerpt":{"rendered":"<p>Die Schwarzfichte ist ein Nadelbaum, der in Nordamerika unter oft extremen klimatischen Bedingungen vorkommt. Sie ben\u00f6tigen 1 kg Nadeln, um 10 ml \u00e4therisches Schwarzfichten\u00f6l herzustellen.  <\/p>\n<p>Das \u00e4therische \u00d6l der Schwarzfichte ist daf\u00fcr bekannt, dass es Kraft und Energie spendet. In der Tat hat es eine kortison\u00e4hnliche Wirkung.  <\/p>\n","protected":false},"featured_media":904,"comment_status":"open","ping_status":"closed","template":"","meta":{"_acf_changed":false},"product_brand":[],"product_cat":[45],"product_tag":[],"class_list":{"0":"post-910","1":"product","2":"type-product","3":"status-publish","4":"has-post-thumbnail","6":"product_cat-atherische-ole","8":"first","9":"instock","10":"shipping-taxable","11":"purchasable","12":"product-type-variable","13":"has-default-attributes"},"acf":[],"aioseo_notices":[],"_links":{"self":[{"href":"https:\/\/rootoil.ch\/de\/wp-json\/wp\/v2\/product\/910","targetHints":{"allow":["GET"]}}],"collection":[{"href":"https:\/\/rootoil.ch\/de\/wp-json\/wp\/v2\/product"}],"about":[{"href":"https:\/\/rootoil.ch\/de\/wp-json\/wp\/v2\/types\/product"}],"replies":[{"embeddable":true,"href":"https:\/\/rootoil.ch\/de\/wp-json\/wp\/v2\/comments?post=910"}],"wp:featuredmedia":[{"embeddable":true,"href":"https:\/\/rootoil.ch\/de\/wp-json\/wp\/v2\/media\/904"}],"wp:attachment":[{"href":"https:\/\/rootoil.ch\/de\/wp-json\/wp\/v2\/media?parent=910"}],"wp:term":[{"taxonomy":"product_brand","embeddable":true,"href":"https:\/\/rootoil.ch\/de\/wp-json\/wp\/v2\/product_brand?post=910"},{"taxonomy":"product_cat","embeddable":true,"href":"https:\/\/rootoil.ch\/de\/wp-json\/wp\/v2\/product_cat?post=910"},{"taxonomy":"product_tag","embeddable":true,"href":"https:\/\/rootoil.ch\/de\/wp-json\/wp\/v2\/product_tag?post=910"}],"curies":[{"name":"wp","href":"https:\/\/api.w.org\/{rel}","templated":true}]}}