{"id":922,"date":"2025-02-18T22:55:21","date_gmt":"2025-02-18T22:55:21","guid":{"rendered":"https:\/\/rootoil.sandigital.ch\/produit\/estragon\/"},"modified":"2025-02-18T22:55:21","modified_gmt":"2025-02-18T22:55:21","slug":"estragon","status":"publish","type":"product","link":"https:\/\/rootoil.ch\/de\/produit\/estragon\/","title":{"rendered":"Estragon"},"content":{"rendered":"<p>Die Eigenschaften des \u00e4therischen Estragon\u00f6ls sind haupts\u00e4chlich krampfl\u00f6send, weshalb es im Verdauungssystem, in der Gyn\u00e4kologie (\u00dcbelkeit, Regelschmerzen) aber auch im Nervensystem zur Entspannung der Muskeln (Kr\u00e4mpfe, Spasmophilie) verwendet wird. \u00c4therisches Estragon\u00f6l ist auch daf\u00fcr bekannt, den Appetit anzuregen, Heuschnupfen zu bek\u00e4mpfen und gegen Angstzust\u00e4nde zu wirken.<\/p>\n<p>Tipps zur Verwendung in der Aromatherapie<\/p>\n<p>Massage: 5 Tropfen \u00e4therisches Estragon\u00f6l in 10 ml Pflanzen\u00f6l f\u00fcr eine Massage des Solarplexus.<br \/>\n  Inhalation: 1 Tropfen auf einem Taschentuch zum Einatmen, gegen Allergien.<\/p>\n<p>Pflege: 2 Tropfen \u00e4therisches Bio-\u00d6l auf einem St\u00fcck Zucker oder Honig zur Unterst\u00fctzung der Verdauung oder zur Bek\u00e4mpfung von allergischen Beschwerden.  <\/p>\n<p>K\u00fcche: \u00c4therisches Bio-\u00d6l kann in der K\u00fcche verwendet werden (immer in kleinen Mengen wie alle \u00e4therischen \u00d6le!). Beachten Sie die Hinweise in Ihren Rezepten).<\/p>\n<p>Verabreichungswege in der Aromatherapie<\/p>\n<p>Innerlich: ja, aber nur in geringen Mengen  <\/p>\n<p>Haut: ja (eine maximale Konzentration von 20% verd\u00fcnnt in einem Pflanzen\u00f6l sollte nicht \u00fcberschritten werden)<br \/>\nDiffusion: nein<br \/>\nInhalation: nein  <\/p>\n","protected":false},"excerpt":{"rendered":"<p>Estragon ist eine aromatische Pflanze, die in warmen Regionen in den Monaten Mai und Juni w\u00e4chst. Es wird auch als Drachenkraut bezeichnet und sein lateinischer Name ist daher Artimisia dracunculus.  <\/p>\n","protected":false},"featured_media":916,"comment_status":"open","ping_status":"closed","template":"","meta":{"_acf_changed":false},"product_brand":[],"product_cat":[45],"product_tag":[],"class_list":{"0":"post-922","1":"product","2":"type-product","3":"status-publish","4":"has-post-thumbnail","6":"product_cat-atherische-ole","8":"first","9":"instock","10":"shipping-taxable","11":"purchasable","12":"product-type-variable","13":"has-default-attributes"},"acf":[],"aioseo_notices":[],"_links":{"self":[{"href":"https:\/\/rootoil.ch\/de\/wp-json\/wp\/v2\/product\/922","targetHints":{"allow":["GET"]}}],"collection":[{"href":"https:\/\/rootoil.ch\/de\/wp-json\/wp\/v2\/product"}],"about":[{"href":"https:\/\/rootoil.ch\/de\/wp-json\/wp\/v2\/types\/product"}],"replies":[{"embeddable":true,"href":"https:\/\/rootoil.ch\/de\/wp-json\/wp\/v2\/comments?post=922"}],"wp:featuredmedia":[{"embeddable":true,"href":"https:\/\/rootoil.ch\/de\/wp-json\/wp\/v2\/media\/916"}],"wp:attachment":[{"href":"https:\/\/rootoil.ch\/de\/wp-json\/wp\/v2\/media?parent=922"}],"wp:term":[{"taxonomy":"product_brand","embeddable":true,"href":"https:\/\/rootoil.ch\/de\/wp-json\/wp\/v2\/product_brand?post=922"},{"taxonomy":"product_cat","embeddable":true,"href":"https:\/\/rootoil.ch\/de\/wp-json\/wp\/v2\/product_cat?post=922"},{"taxonomy":"product_tag","embeddable":true,"href":"https:\/\/rootoil.ch\/de\/wp-json\/wp\/v2\/product_tag?post=922"}],"curies":[{"name":"wp","href":"https:\/\/api.w.org\/{rel}","templated":true}]}}