{"id":952,"date":"2025-02-18T23:02:01","date_gmt":"2025-02-18T23:02:01","guid":{"rendered":"https:\/\/rootoil.sandigital.ch\/produit\/suesser-fenchel\/"},"modified":"2025-02-18T23:02:01","modified_gmt":"2025-02-18T23:02:01","slug":"suesser-fenchel","status":"publish","type":"product","link":"https:\/\/rootoil.ch\/de\/produit\/suesser-fenchel\/","title":{"rendered":"S\u00fc\u00dfer Fenchel"},"content":{"rendered":"<p>Seine bekannten Eigenschaften machen es zu einem \u00e4therischen \u00d6l, das zur Bek\u00e4mpfung von Verdauungsst\u00f6rungen (Bl\u00e4hungen, \u00dcbelkeit, V\u00f6llegef\u00fchl, Aerophagie), zur Regulierung des Menstruationszyklus und bei \u00dcbergewicht (entw\u00e4ssernde Wirkung und gegen Cellulite) verwendet wird. \u00c4therisches Fenchel\u00f6l ist ein Freund der Frauen!<\/p>\n<p>Tipps zur Verwendung in der Aromatherapie<\/p>\n<p>Massage: Einige Tropfen in einem pflanzlichen \u00d6l (in Synergie mit anderen \u00d6len), als Massage auf die betroffenen Bereiche.<\/p>\n<p>  Pflege: 1 Tropfen auf Zucker zur Unterst\u00fctzung der Verdauung<\/p>\n<p>Verabreichungswege in der Aromatherapie<\/p>\n<p>Innerer Weg: ja<\/p>\n<p>Haut: mit einem pflanzlichen \u00d6l verd\u00fcnnen<br \/>\nDiffusion: nein<br \/>\nInhalation: nein<\/p>\n","protected":false},"excerpt":{"rendered":"<p>Fenchel geh\u00f6rt zur Familie der Doldenbl\u00fctler. Diese mehrj\u00e4hrige Pflanze ist f\u00fcr die L\u00f6sung von Verdauungsproblemen bekannt und produziert Samen, aus denen das \u00e4therische \u00d6l gewonnen wird.<\/p>\n","protected":false},"featured_media":946,"comment_status":"open","ping_status":"closed","template":"","meta":{"_acf_changed":false},"product_brand":[],"product_cat":[45],"product_tag":[],"class_list":{"0":"post-952","1":"product","2":"type-product","3":"status-publish","4":"has-post-thumbnail","6":"product_cat-atherische-ole","8":"first","9":"instock","10":"shipping-taxable","11":"purchasable","12":"product-type-variable","13":"has-default-attributes"},"acf":[],"aioseo_notices":[],"_links":{"self":[{"href":"https:\/\/rootoil.ch\/de\/wp-json\/wp\/v2\/product\/952","targetHints":{"allow":["GET"]}}],"collection":[{"href":"https:\/\/rootoil.ch\/de\/wp-json\/wp\/v2\/product"}],"about":[{"href":"https:\/\/rootoil.ch\/de\/wp-json\/wp\/v2\/types\/product"}],"replies":[{"embeddable":true,"href":"https:\/\/rootoil.ch\/de\/wp-json\/wp\/v2\/comments?post=952"}],"wp:featuredmedia":[{"embeddable":true,"href":"https:\/\/rootoil.ch\/de\/wp-json\/wp\/v2\/media\/946"}],"wp:attachment":[{"href":"https:\/\/rootoil.ch\/de\/wp-json\/wp\/v2\/media?parent=952"}],"wp:term":[{"taxonomy":"product_brand","embeddable":true,"href":"https:\/\/rootoil.ch\/de\/wp-json\/wp\/v2\/product_brand?post=952"},{"taxonomy":"product_cat","embeddable":true,"href":"https:\/\/rootoil.ch\/de\/wp-json\/wp\/v2\/product_cat?post=952"},{"taxonomy":"product_tag","embeddable":true,"href":"https:\/\/rootoil.ch\/de\/wp-json\/wp\/v2\/product_tag?post=952"}],"curies":[{"name":"wp","href":"https:\/\/api.w.org\/{rel}","templated":true}]}}